{"id":784,"date":"2024-07-20T17:38:13","date_gmt":"2024-07-20T15:38:13","guid":{"rendered":"https:\/\/www.soval.fr\/?post_type=product&#038;p=784"},"modified":"2024-09-12T15:27:50","modified_gmt":"2024-09-12T13:27:50","slug":"cles-de-manoeuvre-a-empreintes-tete-h-tete-exc-tete-otc-voirie","status":"publish","type":"product","link":"https:\/\/www.soval.fr\/fr\/produit\/voirie-assainissement\/accessoires\/leve-tampon-cles-verrous\/cles-de-manoeuvre-a-empreintes-tete-h-tete-exc-tete-otc-voirie\/","title":{"rendered":"Cl\u00e9s de manoeuvre t\u00eate H, EXC, OTC"},"content":{"rendered":"<p>Les cl\u00e9s de manoeuvres permettent le verrouillage et le d\u00e9verrouillage des regards et des trappes fonte SOVAL.<\/p>\n","protected":false},"excerpt":{"rendered":"<p>Les cl\u00e9s de manoeuvres permettent le verrouillage et le d\u00e9verrouillage des regards et des trappes fonte SOVAL.<\/p>\n","protected":false},"featured_media":3686,"template":"","meta":{"_acf_changed":false},"product_brand":[],"product_cat":[50],"product_tag":[],"class_list":{"0":"post-784","1":"product","2":"type-product","3":"status-publish","4":"has-post-thumbnail","6":"product_cat-leve-tampon-cles-verrous","8":"first","9":"instock","10":"shipping-taxable","11":"purchasable","12":"product-type-variable"},"acf":[],"_links":{"self":[{"href":"https:\/\/www.soval.fr\/fr\/wp-json\/wp\/v2\/product\/784","targetHints":{"allow":["GET"]}}],"collection":[{"href":"https:\/\/www.soval.fr\/fr\/wp-json\/wp\/v2\/product"}],"about":[{"href":"https:\/\/www.soval.fr\/fr\/wp-json\/wp\/v2\/types\/product"}],"wp:featuredmedia":[{"embeddable":true,"href":"https:\/\/www.soval.fr\/fr\/wp-json\/wp\/v2\/media\/3686"}],"wp:attachment":[{"href":"https:\/\/www.soval.fr\/fr\/wp-json\/wp\/v2\/media?parent=784"}],"wp:term":[{"taxonomy":"product_brand","embeddable":true,"href":"https:\/\/www.soval.fr\/fr\/wp-json\/wp\/v2\/product_brand?post=784"},{"taxonomy":"product_cat","embeddable":true,"href":"https:\/\/www.soval.fr\/fr\/wp-json\/wp\/v2\/product_cat?post=784"},{"taxonomy":"product_tag","embeddable":true,"href":"https:\/\/www.soval.fr\/fr\/wp-json\/wp\/v2\/product_tag?post=784"}],"curies":[{"name":"wp","href":"https:\/\/api.w.org\/{rel}","templated":true}]}}