{"id":785,"date":"2024-07-20T17:38:13","date_gmt":"2024-07-20T15:38:13","guid":{"rendered":"https:\/\/www.soval.fr\/?post_type=product&#038;p=785"},"modified":"2024-09-12T15:28:45","modified_gmt":"2024-09-12T13:28:45","slug":"cle-de-manoeuvre-pour-verrou-sae","status":"publish","type":"product","link":"https:\/\/www.soval.fr\/fr\/produit\/voirie-assainissement\/accessoires\/leve-tampon-cles-verrous\/cle-de-manoeuvre-pour-verrou-sae\/","title":{"rendered":"Cl\u00e9 de manoeuvre pour verrou type SAE"},"content":{"rendered":"<p>La cl\u00e9 de man\u0153uvre SAE de man\u0153uvre permet\u00a0:<br \/>\nLe verrouillage \/ d\u00e9verrouillage des tampons \u00e9quip\u00e9s d\u2019un Syst\u00e8me antieffraction (SAE).<\/p>\n","protected":false},"excerpt":{"rendered":"<p>La cl\u00e9 de man\u0153uvre SAE de man\u0153uvre permet\u00a0: Le verrouillage \/ d\u00e9verrouillage des tampons \u00e9quip\u00e9s d\u2019un Syst\u00e8me antieffraction (SAE).<\/p>\n","protected":false},"featured_media":3688,"template":"","meta":{"_acf_changed":false},"product_brand":[],"product_cat":[50],"product_tag":[],"class_list":{"0":"post-785","1":"product","2":"type-product","3":"status-publish","4":"has-post-thumbnail","6":"product_cat-leve-tampon-cles-verrous","8":"first","9":"instock","10":"shipping-taxable","11":"purchasable","12":"product-type-variable"},"acf":[],"_links":{"self":[{"href":"https:\/\/www.soval.fr\/fr\/wp-json\/wp\/v2\/product\/785","targetHints":{"allow":["GET"]}}],"collection":[{"href":"https:\/\/www.soval.fr\/fr\/wp-json\/wp\/v2\/product"}],"about":[{"href":"https:\/\/www.soval.fr\/fr\/wp-json\/wp\/v2\/types\/product"}],"wp:featuredmedia":[{"embeddable":true,"href":"https:\/\/www.soval.fr\/fr\/wp-json\/wp\/v2\/media\/3688"}],"wp:attachment":[{"href":"https:\/\/www.soval.fr\/fr\/wp-json\/wp\/v2\/media?parent=785"}],"wp:term":[{"taxonomy":"product_brand","embeddable":true,"href":"https:\/\/www.soval.fr\/fr\/wp-json\/wp\/v2\/product_brand?post=785"},{"taxonomy":"product_cat","embeddable":true,"href":"https:\/\/www.soval.fr\/fr\/wp-json\/wp\/v2\/product_cat?post=785"},{"taxonomy":"product_tag","embeddable":true,"href":"https:\/\/www.soval.fr\/fr\/wp-json\/wp\/v2\/product_tag?post=785"}],"curies":[{"name":"wp","href":"https:\/\/api.w.org\/{rel}","templated":true}]}}