{"id":789,"date":"2024-07-20T17:38:14","date_gmt":"2024-07-20T15:38:14","guid":{"rendered":"https:\/\/www.soval.fr\/?post_type=product&#038;p=789"},"modified":"2026-03-02T14:25:50","modified_gmt":"2026-03-02T13:25:50","slug":"cheminee-daeration-pour-reservoir","status":"publish","type":"product","link":"https:\/\/www.soval.fr\/fr\/produit\/aep\/stations-reservoirs\/capots-regard-vannes-murales-crepine-clapet\/cheminee-daeration-pour-reservoir\/","title":{"rendered":"Chemin\u00e9e d&#8217;a\u00e9ration pour r\u00e9servoir"},"content":{"rendered":"<p>La CHEMINEE D\u2019AERATION en fonte GS s\u2019installe sur sur tout types de r\u00e9servoirs pour les DN 100 et 150.<\/p>\n","protected":false},"excerpt":{"rendered":"<p>La CHEMINEE D\u2019AERATION en fonte GS s\u2019installe sur sur tout types de r\u00e9servoirs pour les DN 100 et 150.<\/p>\n","protected":false},"featured_media":2599,"template":"","meta":{"_acf_changed":false},"product_brand":[],"product_cat":[41],"product_tag":[],"class_list":{"0":"post-789","1":"product","2":"type-product","3":"status-publish","4":"has-post-thumbnail","6":"product_cat-capots-regard-vannes-murales-crepine-clapet","8":"first","9":"instock","10":"shipping-taxable","11":"purchasable","12":"product-type-variable"},"acf":[],"_links":{"self":[{"href":"https:\/\/www.soval.fr\/fr\/wp-json\/wp\/v2\/product\/789","targetHints":{"allow":["GET"]}}],"collection":[{"href":"https:\/\/www.soval.fr\/fr\/wp-json\/wp\/v2\/product"}],"about":[{"href":"https:\/\/www.soval.fr\/fr\/wp-json\/wp\/v2\/types\/product"}],"wp:featuredmedia":[{"embeddable":true,"href":"https:\/\/www.soval.fr\/fr\/wp-json\/wp\/v2\/media\/2599"}],"wp:attachment":[{"href":"https:\/\/www.soval.fr\/fr\/wp-json\/wp\/v2\/media?parent=789"}],"wp:term":[{"taxonomy":"product_brand","embeddable":true,"href":"https:\/\/www.soval.fr\/fr\/wp-json\/wp\/v2\/product_brand?post=789"},{"taxonomy":"product_cat","embeddable":true,"href":"https:\/\/www.soval.fr\/fr\/wp-json\/wp\/v2\/product_cat?post=789"},{"taxonomy":"product_tag","embeddable":true,"href":"https:\/\/www.soval.fr\/fr\/wp-json\/wp\/v2\/product_tag?post=789"}],"curies":[{"name":"wp","href":"https:\/\/api.w.org\/{rel}","templated":true}]}}