{"id":792,"date":"2024-07-20T17:38:15","date_gmt":"2024-07-20T15:38:15","guid":{"rendered":"https:\/\/www.soval.fr\/?post_type=product&#038;p=792"},"modified":"2024-09-11T17:41:07","modified_gmt":"2024-09-11T15:41:07","slug":"clapet-dextremite-37-bis","status":"publish","type":"product","link":"https:\/\/www.soval.fr\/fr\/produit\/aep\/stations-reservoirs\/capots-regard-vannes-murales-crepine-clapet\/clapet-dextremite-37-bis\/","title":{"rendered":"Clapet d&#8217;extr\u00e9mit\u00e9 37 bis"},"content":{"rendered":"<p>La CLAPET DE RETENUE en fonte GS s\u2019installe en d\u00e9bouch\u00e9 de canalisation d\u2019\u00e9vacuation.<\/p>\n<p>Il \u00e9vite ainsi les risques de refoulement, l\u2019introduction d\u2019\u00e9l\u00e9ments \u00e9trangers ainsi que la remont\u00e9e d\u2019animaux.<\/p>\n","protected":false},"excerpt":{"rendered":"<p>La CLAPET DE RETENUE en fonte GS s\u2019installe en d\u00e9bouch\u00e9 de canalisation d\u2019\u00e9vacuation. Il \u00e9vite ainsi les risques de refoulement, l\u2019introduction d\u2019\u00e9l\u00e9ments \u00e9trangers ainsi que la remont\u00e9e d\u2019animaux.<\/p>\n","protected":false},"featured_media":2607,"template":"","meta":{"_acf_changed":false},"product_brand":[],"product_cat":[41],"product_tag":[],"class_list":{"0":"post-792","1":"product","2":"type-product","3":"status-publish","4":"has-post-thumbnail","6":"product_cat-capots-regard-vannes-murales-crepine-clapet","8":"first","9":"instock","10":"shipping-taxable","11":"purchasable","12":"product-type-variable"},"acf":[],"_links":{"self":[{"href":"https:\/\/www.soval.fr\/fr\/wp-json\/wp\/v2\/product\/792","targetHints":{"allow":["GET"]}}],"collection":[{"href":"https:\/\/www.soval.fr\/fr\/wp-json\/wp\/v2\/product"}],"about":[{"href":"https:\/\/www.soval.fr\/fr\/wp-json\/wp\/v2\/types\/product"}],"wp:featuredmedia":[{"embeddable":true,"href":"https:\/\/www.soval.fr\/fr\/wp-json\/wp\/v2\/media\/2607"}],"wp:attachment":[{"href":"https:\/\/www.soval.fr\/fr\/wp-json\/wp\/v2\/media?parent=792"}],"wp:term":[{"taxonomy":"product_brand","embeddable":true,"href":"https:\/\/www.soval.fr\/fr\/wp-json\/wp\/v2\/product_brand?post=792"},{"taxonomy":"product_cat","embeddable":true,"href":"https:\/\/www.soval.fr\/fr\/wp-json\/wp\/v2\/product_cat?post=792"},{"taxonomy":"product_tag","embeddable":true,"href":"https:\/\/www.soval.fr\/fr\/wp-json\/wp\/v2\/product_tag?post=792"}],"curies":[{"name":"wp","href":"https:\/\/api.w.org\/{rel}","templated":true}]}}