{"id":803,"date":"2024-07-20T17:38:17","date_gmt":"2024-07-20T15:38:17","guid":{"rendered":"https:\/\/www.soval.fr\/?post_type=product&#038;p=803"},"modified":"2026-02-20T10:40:05","modified_gmt":"2026-02-20T09:40:05","slug":"trappes-classiques-type-pt-trafic-lent-classe-d400","status":"publish","type":"product","link":"https:\/\/www.soval.fr\/fr\/produit\/trappes\/trappes-classiques\/fermetures-standards\/trappes-classiques-type-pt-trafic-lent-classe-d400\/","title":{"rendered":"Trappes type PT trafic lent D400"},"content":{"rendered":"<p>\u00c9quip\u00e9es d\u2019un tampon fonte D400 et d\u2019un cadre acier, les trappes type PT trafic lent sont des dispositifs de couverture \u00e0 installer sur les chambres de r\u00e9seaux secs types t\u00e9l\u00e9com, fibre optique ou sur des ouvrages souterrains.<\/p>\n","protected":false},"excerpt":{"rendered":"<p>\u00c9quip\u00e9es d\u2019un tampon fonte D400 et d\u2019un cadre acier, les trappes type PT trafic lent sont des dispositifs de couverture \u00e0 installer sur les chambres de r\u00e9seaux secs types t\u00e9l\u00e9com, fibre optique ou sur des ouvrages souterrains.<\/p>\n","protected":false},"featured_media":3994,"template":"","meta":{"_acf_changed":false},"product_brand":[],"product_cat":[110],"product_tag":[],"class_list":{"0":"post-803","1":"product","2":"type-product","3":"status-publish","4":"has-post-thumbnail","6":"product_cat-fermetures-standards","8":"first","9":"instock","10":"shipping-taxable","11":"purchasable","12":"product-type-variable"},"acf":[],"_links":{"self":[{"href":"https:\/\/www.soval.fr\/fr\/wp-json\/wp\/v2\/product\/803","targetHints":{"allow":["GET"]}}],"collection":[{"href":"https:\/\/www.soval.fr\/fr\/wp-json\/wp\/v2\/product"}],"about":[{"href":"https:\/\/www.soval.fr\/fr\/wp-json\/wp\/v2\/types\/product"}],"wp:featuredmedia":[{"embeddable":true,"href":"https:\/\/www.soval.fr\/fr\/wp-json\/wp\/v2\/media\/3994"}],"wp:attachment":[{"href":"https:\/\/www.soval.fr\/fr\/wp-json\/wp\/v2\/media?parent=803"}],"wp:term":[{"taxonomy":"product_brand","embeddable":true,"href":"https:\/\/www.soval.fr\/fr\/wp-json\/wp\/v2\/product_brand?post=803"},{"taxonomy":"product_cat","embeddable":true,"href":"https:\/\/www.soval.fr\/fr\/wp-json\/wp\/v2\/product_cat?post=803"},{"taxonomy":"product_tag","embeddable":true,"href":"https:\/\/www.soval.fr\/fr\/wp-json\/wp\/v2\/product_tag?post=803"}],"curies":[{"name":"wp","href":"https:\/\/api.w.org\/{rel}","templated":true}]}}