{"id":804,"date":"2024-07-20T17:38:17","date_gmt":"2024-07-20T15:38:17","guid":{"rendered":"https:\/\/www.soval.fr\/?post_type=product&#038;p=804"},"modified":"2026-02-20T10:39:22","modified_gmt":"2026-02-20T09:39:22","slug":"trappes-classiques-type-lc-classe-d400","status":"publish","type":"product","link":"https:\/\/www.soval.fr\/fr\/produit\/trappes\/trappes-classiques\/fermetures-standards\/trappes-classiques-type-lc-classe-d400\/","title":{"rendered":"Trappes classiques type LC Classe D400"},"content":{"rendered":"<p>\u00c9quip\u00e9es d\u2019un tampon fonte D400 et d\u2019un cadre acier, les trappes type LC sont des dispositifs de couverture \u00e0 installer sur les chambres de r\u00e9seaux secs types t\u00e9l\u00e9com, fibre optique ou sur des ouvrages souterrains.<\/p>\n<p><strong>Tampons assembl\u00e9s par 2 : conservation des appuis tripodes, grande stabilit\u00e9 face au trafic, trois c\u00f4t\u00e9s de libres.<\/strong><\/p>\n","protected":false},"excerpt":{"rendered":"<p>\u00c9quip\u00e9es d\u2019un tampon fonte D400 et d\u2019un cadre acier, les trappes type LC sont des dispositifs de couverture \u00e0 installer sur les chambres de r\u00e9seaux secs types t\u00e9l\u00e9com, fibre optique ou sur des ouvrages souterrains. Tampons assembl\u00e9s par 2 : conservation des appuis tripodes, grande stabilit\u00e9 face au trafic, trois c\u00f4t\u00e9s de libres.<\/p>\n","protected":false},"featured_media":4006,"template":"","meta":{"_acf_changed":false},"product_brand":[],"product_cat":[110],"product_tag":[],"class_list":{"0":"post-804","1":"product","2":"type-product","3":"status-publish","4":"has-post-thumbnail","6":"product_cat-fermetures-standards","8":"first","9":"instock","10":"shipping-taxable","11":"purchasable","12":"product-type-variable"},"acf":[],"_links":{"self":[{"href":"https:\/\/www.soval.fr\/fr\/wp-json\/wp\/v2\/product\/804","targetHints":{"allow":["GET"]}}],"collection":[{"href":"https:\/\/www.soval.fr\/fr\/wp-json\/wp\/v2\/product"}],"about":[{"href":"https:\/\/www.soval.fr\/fr\/wp-json\/wp\/v2\/types\/product"}],"wp:featuredmedia":[{"embeddable":true,"href":"https:\/\/www.soval.fr\/fr\/wp-json\/wp\/v2\/media\/4006"}],"wp:attachment":[{"href":"https:\/\/www.soval.fr\/fr\/wp-json\/wp\/v2\/media?parent=804"}],"wp:term":[{"taxonomy":"product_brand","embeddable":true,"href":"https:\/\/www.soval.fr\/fr\/wp-json\/wp\/v2\/product_brand?post=804"},{"taxonomy":"product_cat","embeddable":true,"href":"https:\/\/www.soval.fr\/fr\/wp-json\/wp\/v2\/product_cat?post=804"},{"taxonomy":"product_tag","embeddable":true,"href":"https:\/\/www.soval.fr\/fr\/wp-json\/wp\/v2\/product_tag?post=804"}],"curies":[{"name":"wp","href":"https:\/\/api.w.org\/{rel}","templated":true}]}}