{"id":813,"date":"2024-08-01T12:03:41","date_gmt":"2024-08-01T10:03:41","guid":{"rendered":"https:\/\/www.soval.fr\/?post_type=product&#038;p=813"},"modified":"2026-02-20T10:44:44","modified_gmt":"2026-02-20T09:44:44","slug":"trappes-verrouillees-type-lcv-classe-d400","status":"publish","type":"product","link":"https:\/\/www.soval.fr\/fr\/produit\/trappes\/trappes-verrouillees\/fermetures-securisees\/trappes-verrouillees-type-lcv-classe-d400\/","title":{"rendered":"Trappes verrouill\u00e9es type LCV Classe D400"},"content":{"rendered":"<p>\u00c9quip\u00e9es d\u2019un tampon fonte D400 et d\u2019un cadre acier, les trappes type <strong>LCV<\/strong> sont des dispositifs de couverture \u00e0 installer sur les chambres de r\u00e9seaux secs types <strong>t\u00e9l\u00e9com<\/strong>, <strong>fibre optique<\/strong> ou sur des ouvrages souterrains.<\/p>\n<p>Elles sont \u00e9quip\u00e9es en standard avec un <strong>verrouillage \u00bc de tour <\/strong>t\u00eate hexagonale de 22 en acier Inox.<br \/>\n<strong>Tampons assembl\u00e9s par 2 : conservation des appuis tripodes, grande stabilit\u00e9 face au trafic, trois c\u00f4t\u00e9s de libres.<\/strong><\/p>\n","protected":false},"excerpt":{"rendered":"<p>\u00c9quip\u00e9es d\u2019un tampon fonte D400 et d\u2019un cadre acier, les trappes type LCV sont des dispositifs de couverture \u00e0 installer sur les chambres de r\u00e9seaux secs types t\u00e9l\u00e9com, fibre optique ou sur des ouvrages souterrains. Elles sont \u00e9quip\u00e9es en standard avec un verrouillage \u00bc de tour t\u00eate hexagonale de 22 en acier Inox. Tampons assembl\u00e9s [&hellip;]<\/p>\n","protected":false},"featured_media":4168,"template":"","meta":{"_acf_changed":false},"product_brand":[],"product_cat":[114],"product_tag":[],"class_list":{"0":"post-813","1":"product","2":"type-product","3":"status-publish","4":"has-post-thumbnail","6":"product_cat-fermetures-securisees","8":"first","9":"instock","10":"shipping-taxable","11":"purchasable","12":"product-type-variable"},"acf":[],"_links":{"self":[{"href":"https:\/\/www.soval.fr\/fr\/wp-json\/wp\/v2\/product\/813","targetHints":{"allow":["GET"]}}],"collection":[{"href":"https:\/\/www.soval.fr\/fr\/wp-json\/wp\/v2\/product"}],"about":[{"href":"https:\/\/www.soval.fr\/fr\/wp-json\/wp\/v2\/types\/product"}],"wp:featuredmedia":[{"embeddable":true,"href":"https:\/\/www.soval.fr\/fr\/wp-json\/wp\/v2\/media\/4168"}],"wp:attachment":[{"href":"https:\/\/www.soval.fr\/fr\/wp-json\/wp\/v2\/media?parent=813"}],"wp:term":[{"taxonomy":"product_brand","embeddable":true,"href":"https:\/\/www.soval.fr\/fr\/wp-json\/wp\/v2\/product_brand?post=813"},{"taxonomy":"product_cat","embeddable":true,"href":"https:\/\/www.soval.fr\/fr\/wp-json\/wp\/v2\/product_cat?post=813"},{"taxonomy":"product_tag","embeddable":true,"href":"https:\/\/www.soval.fr\/fr\/wp-json\/wp\/v2\/product_tag?post=813"}],"curies":[{"name":"wp","href":"https:\/\/api.w.org\/{rel}","templated":true}]}}