{"id":824,"date":"2024-08-01T12:23:30","date_gmt":"2024-08-01T10:23:30","guid":{"rendered":"https:\/\/www.soval.fr\/?post_type=product&#038;p=824"},"modified":"2026-02-20T10:26:39","modified_gmt":"2026-02-20T09:26:39","slug":"trappes-type-ptvaa-d400-trafic-lent-verrouillees-articulees-assistees","status":"publish","type":"product","link":"https:\/\/www.soval.fr\/fr\/produit\/trappes\/trappes-articulees\/fermetures-sur-charnieres\/trappes-type-ptvaa-d400-trafic-lent-verrouillees-articulees-assistees\/","title":{"rendered":"Trappes type PTVAA D400 trafic lent"},"content":{"rendered":"<p>\u00c9quip\u00e9es d\u2019un tampon fonte D400 et d\u2019un cadre acier, les trappes type PTVAA verrouill\u00e9es articul\u00e9es assist\u00e9es trafic lent sont des dispositifs de couverture \u00e0 installer sur les chambres de r\u00e9seaux secs types t\u00e9l\u00e9com, fibre optique ou sur des ouvrages souterrains.<\/p>\n<p>Elles sont propos\u00e9es avec un syst\u00e8me de verrouillage \u00bc de tour.<\/p>\n","protected":false},"excerpt":{"rendered":"<p>\u00c9quip\u00e9es d\u2019un tampon fonte D400 et d\u2019un cadre acier, les trappes type PTVAA verrouill\u00e9es articul\u00e9es assist\u00e9es trafic lent sont des dispositifs de couverture \u00e0 installer sur les chambres de r\u00e9seaux secs types t\u00e9l\u00e9com, fibre optique ou sur des ouvrages souterrains. Elles sont propos\u00e9es avec un syst\u00e8me de verrouillage \u00bc de tour.<\/p>\n","protected":false},"featured_media":4813,"template":"","meta":{"_acf_changed":false},"product_brand":[],"product_cat":[108],"product_tag":[],"class_list":{"0":"post-824","1":"product","2":"type-product","3":"status-publish","4":"has-post-thumbnail","6":"product_cat-fermetures-sur-charnieres","8":"first","9":"instock","10":"shipping-taxable","11":"purchasable","12":"product-type-variable"},"acf":[],"_links":{"self":[{"href":"https:\/\/www.soval.fr\/fr\/wp-json\/wp\/v2\/product\/824","targetHints":{"allow":["GET"]}}],"collection":[{"href":"https:\/\/www.soval.fr\/fr\/wp-json\/wp\/v2\/product"}],"about":[{"href":"https:\/\/www.soval.fr\/fr\/wp-json\/wp\/v2\/types\/product"}],"wp:featuredmedia":[{"embeddable":true,"href":"https:\/\/www.soval.fr\/fr\/wp-json\/wp\/v2\/media\/4813"}],"wp:attachment":[{"href":"https:\/\/www.soval.fr\/fr\/wp-json\/wp\/v2\/media?parent=824"}],"wp:term":[{"taxonomy":"product_brand","embeddable":true,"href":"https:\/\/www.soval.fr\/fr\/wp-json\/wp\/v2\/product_brand?post=824"},{"taxonomy":"product_cat","embeddable":true,"href":"https:\/\/www.soval.fr\/fr\/wp-json\/wp\/v2\/product_cat?post=824"},{"taxonomy":"product_tag","embeddable":true,"href":"https:\/\/www.soval.fr\/fr\/wp-json\/wp\/v2\/product_tag?post=824"}],"curies":[{"name":"wp","href":"https:\/\/api.w.org\/{rel}","templated":true}]}}