{"id":825,"date":"2024-08-01T12:23:30","date_gmt":"2024-08-01T10:23:30","guid":{"rendered":"https:\/\/www.soval.fr\/?post_type=product&#038;p=825"},"modified":"2026-02-20T10:27:12","modified_gmt":"2026-02-20T09:27:12","slug":"trappes-titan-1000-d400-verrouillees-articulees-assistees-2","status":"publish","type":"product","link":"https:\/\/www.soval.fr\/fr\/produit\/trappes\/trappes-articulees\/fermetures-sur-charnieres\/trappes-titan-1000-d400-verrouillees-articulees-assistees-2\/","title":{"rendered":"Trappe TITAN 1000 classe D400"},"content":{"rendered":"<p>Con\u00e7ue pour r\u00e9pondre \u00e0 la couverture d\u2019ouvrages souterrains de 1m de c\u00f4t\u00e9, la TITAN 1000 verrouill\u00e9e articul\u00e9e assist\u00e9e compl\u00e8te notre gamme de fermetures multi-tampons D400 et se d\u00e9cline en plusieurs longueurs.<\/p>\n<p>Sa configuration lui permet de recevoir un large choix d\u2019options y \u2013compris apr\u00e8s scellement et sans intervention sur le g\u00e9nie civil.<\/p>\n","protected":false},"excerpt":{"rendered":"<p>Con\u00e7ue pour r\u00e9pondre \u00e0 la couverture d\u2019ouvrages souterrains de 1m de c\u00f4t\u00e9, la TITAN 1000 verrouill\u00e9e articul\u00e9e assist\u00e9e compl\u00e8te notre gamme de fermetures multi-tampons D400 et se d\u00e9cline en plusieurs longueurs. Sa configuration lui permet de recevoir un large choix d\u2019options y \u2013compris apr\u00e8s scellement et sans intervention sur le g\u00e9nie civil.<\/p>\n","protected":false},"featured_media":4673,"template":"","meta":{"_acf_changed":false},"product_brand":[],"product_cat":[108],"product_tag":[],"class_list":{"0":"post-825","1":"product","2":"type-product","3":"status-publish","4":"has-post-thumbnail","6":"product_cat-fermetures-sur-charnieres","8":"first","9":"outofstock","10":"shipping-taxable","11":"product-type-variable"},"acf":[],"_links":{"self":[{"href":"https:\/\/www.soval.fr\/fr\/wp-json\/wp\/v2\/product\/825","targetHints":{"allow":["GET"]}}],"collection":[{"href":"https:\/\/www.soval.fr\/fr\/wp-json\/wp\/v2\/product"}],"about":[{"href":"https:\/\/www.soval.fr\/fr\/wp-json\/wp\/v2\/types\/product"}],"wp:featuredmedia":[{"embeddable":true,"href":"https:\/\/www.soval.fr\/fr\/wp-json\/wp\/v2\/media\/4673"}],"wp:attachment":[{"href":"https:\/\/www.soval.fr\/fr\/wp-json\/wp\/v2\/media?parent=825"}],"wp:term":[{"taxonomy":"product_brand","embeddable":true,"href":"https:\/\/www.soval.fr\/fr\/wp-json\/wp\/v2\/product_brand?post=825"},{"taxonomy":"product_cat","embeddable":true,"href":"https:\/\/www.soval.fr\/fr\/wp-json\/wp\/v2\/product_cat?post=825"},{"taxonomy":"product_tag","embeddable":true,"href":"https:\/\/www.soval.fr\/fr\/wp-json\/wp\/v2\/product_tag?post=825"}],"curies":[{"name":"wp","href":"https:\/\/api.w.org\/{rel}","templated":true}]}}