{"id":826,"date":"2024-08-01T12:23:30","date_gmt":"2024-08-01T10:23:30","guid":{"rendered":"https:\/\/www.soval.fr\/?post_type=product&#038;p=826"},"modified":"2026-02-20T10:27:41","modified_gmt":"2026-02-20T09:27:41","slug":"trappes-titan-1200-nouvelle-version-400-kn-verrouillees-articulees-assistees","status":"publish","type":"product","link":"https:\/\/www.soval.fr\/fr\/produit\/trappes\/trappes-articulees\/fermetures-sur-charnieres\/trappes-titan-1200-nouvelle-version-400-kn-verrouillees-articulees-assistees\/","title":{"rendered":"Trappes TITAN 1200 classe D400"},"content":{"rendered":"<p>La trappe TITAN verrouill\u00e9e articul\u00e9e assist\u00e9e est constitu\u00e9e de tampons fontes 400kN permettant un acc\u00e8s de 1200 mm sans poutre centrale.<\/p>\n<p>Ses nombreux accessoires (grilles, garde-corps, syst\u00e8me d\u2019\u00e9tanch\u00e9it\u00e9 et de s\u00e9curisation) et son passage libre, en font l\u2019alli\u00e9 de tous les ouvrages souterrains.<\/p>\n","protected":false},"excerpt":{"rendered":"<p>La trappe TITAN verrouill\u00e9e articul\u00e9e assist\u00e9e est constitu\u00e9e de tampons fontes 400kN permettant un acc\u00e8s de 1200 mm sans poutre centrale. Ses nombreux accessoires (grilles, garde-corps, syst\u00e8me d\u2019\u00e9tanch\u00e9it\u00e9 et de s\u00e9curisation) et son passage libre, en font l\u2019alli\u00e9 de tous les ouvrages souterrains.<\/p>\n","protected":false},"featured_media":4830,"template":"","meta":{"_acf_changed":false},"product_brand":[],"product_cat":[108],"product_tag":[],"class_list":{"0":"post-826","1":"product","2":"type-product","3":"status-publish","4":"has-post-thumbnail","6":"product_cat-fermetures-sur-charnieres","8":"first","9":"instock","10":"shipping-taxable","11":"purchasable","12":"product-type-variable"},"acf":[],"_links":{"self":[{"href":"https:\/\/www.soval.fr\/fr\/wp-json\/wp\/v2\/product\/826","targetHints":{"allow":["GET"]}}],"collection":[{"href":"https:\/\/www.soval.fr\/fr\/wp-json\/wp\/v2\/product"}],"about":[{"href":"https:\/\/www.soval.fr\/fr\/wp-json\/wp\/v2\/types\/product"}],"wp:featuredmedia":[{"embeddable":true,"href":"https:\/\/www.soval.fr\/fr\/wp-json\/wp\/v2\/media\/4830"}],"wp:attachment":[{"href":"https:\/\/www.soval.fr\/fr\/wp-json\/wp\/v2\/media?parent=826"}],"wp:term":[{"taxonomy":"product_brand","embeddable":true,"href":"https:\/\/www.soval.fr\/fr\/wp-json\/wp\/v2\/product_brand?post=826"},{"taxonomy":"product_cat","embeddable":true,"href":"https:\/\/www.soval.fr\/fr\/wp-json\/wp\/v2\/product_cat?post=826"},{"taxonomy":"product_tag","embeddable":true,"href":"https:\/\/www.soval.fr\/fr\/wp-json\/wp\/v2\/product_tag?post=826"}],"curies":[{"name":"wp","href":"https:\/\/api.w.org\/{rel}","templated":true}]}}