{"id":841,"date":"2024-08-01T12:23:31","date_gmt":"2024-08-01T10:23:31","guid":{"rendered":"https:\/\/www.soval.fr\/?post_type=product&#038;p=841"},"modified":"2026-02-20T10:35:55","modified_gmt":"2026-02-20T09:35:55","slug":"trappes-type-kfvaa-f900-cadre-fonte-verrouillees-articulees-assistees-nf-362","status":"publish","type":"product","link":"https:\/\/www.soval.fr\/fr\/produit\/trappes\/trappes-articulees\/fermetures-sur-charnieres\/trappes-type-kfvaa-f900-cadre-fonte-verrouillees-articulees-assistees-nf-362\/","title":{"rendered":"Trappes type KFVAA F900 cadre fonte"},"content":{"rendered":"<p>\u00c9quip\u00e9es d\u2019un cadre et de tampons F900, les trappes type KFVAA FTE sont des dispositifs de couverture \u00e0 installer sur les chambres de r\u00e9seaux secs types t\u00e9l\u00e9com, fibre optique ou sur des ouvrages souterrains.<\/p>\n<p>Elles sont propos\u00e9es avec un syst\u00e8me de verrouillage \u00bc de tour.<\/p>\n","protected":false},"excerpt":{"rendered":"<p>\u00c9quip\u00e9es d\u2019un cadre et de tampons F900, les trappes type KFVAA FTE sont des dispositifs de couverture \u00e0 installer sur les chambres de r\u00e9seaux secs types t\u00e9l\u00e9com, fibre optique ou sur des ouvrages souterrains. Elles sont propos\u00e9es avec un syst\u00e8me de verrouillage \u00bc de tour.<\/p>\n","protected":false},"featured_media":5094,"template":"","meta":{"_acf_changed":false},"product_brand":[],"product_cat":[108],"product_tag":[],"class_list":{"0":"post-841","1":"product","2":"type-product","3":"status-publish","4":"has-post-thumbnail","6":"product_cat-fermetures-sur-charnieres","8":"first","9":"instock","10":"shipping-taxable","11":"purchasable","12":"product-type-variable"},"acf":[],"_links":{"self":[{"href":"https:\/\/www.soval.fr\/fr\/wp-json\/wp\/v2\/product\/841","targetHints":{"allow":["GET"]}}],"collection":[{"href":"https:\/\/www.soval.fr\/fr\/wp-json\/wp\/v2\/product"}],"about":[{"href":"https:\/\/www.soval.fr\/fr\/wp-json\/wp\/v2\/types\/product"}],"wp:featuredmedia":[{"embeddable":true,"href":"https:\/\/www.soval.fr\/fr\/wp-json\/wp\/v2\/media\/5094"}],"wp:attachment":[{"href":"https:\/\/www.soval.fr\/fr\/wp-json\/wp\/v2\/media?parent=841"}],"wp:term":[{"taxonomy":"product_brand","embeddable":true,"href":"https:\/\/www.soval.fr\/fr\/wp-json\/wp\/v2\/product_brand?post=841"},{"taxonomy":"product_cat","embeddable":true,"href":"https:\/\/www.soval.fr\/fr\/wp-json\/wp\/v2\/product_cat?post=841"},{"taxonomy":"product_tag","embeddable":true,"href":"https:\/\/www.soval.fr\/fr\/wp-json\/wp\/v2\/product_tag?post=841"}],"curies":[{"name":"wp","href":"https:\/\/api.w.org\/{rel}","templated":true}]}}