{"id":843,"date":"2024-08-01T12:11:39","date_gmt":"2024-08-01T10:11:39","guid":{"rendered":"https:\/\/www.soval.fr\/?post_type=product&#038;p=843"},"modified":"2026-02-20T10:49:59","modified_gmt":"2026-02-20T09:49:59","slug":"trappe-a-remplir-type-ltr-classe-c250","status":"publish","type":"product","link":"https:\/\/www.soval.fr\/fr\/produit\/trappes-a-remplir\/fermetures-a-remplissage-paves-ou-beton\/trappe-a-remplir-type-ltr-classe-c250\/","title":{"rendered":"Trappe \u00e0 remplir type LTR Classe C250"},"content":{"rendered":"<p>\u00c9quip\u00e9e d\u2019un tampon fonte \u00e0 remplir C250 et d\u2019un cadre acier, la trappe LTR est un dispositif de couverture \u00e0 installer sur les chambres de r\u00e9seaux secs types t\u00e9l\u00e9com, fibre optique ou sur des ouvrages souterrains.<\/p>\n","protected":false},"excerpt":{"rendered":"<p>\u00c9quip\u00e9e d\u2019un tampon fonte \u00e0 remplir C250 et d\u2019un cadre acier, la trappe LTR est un dispositif de couverture \u00e0 installer sur les chambres de r\u00e9seaux secs types t\u00e9l\u00e9com, fibre optique ou sur des ouvrages souterrains.<\/p>\n","protected":false},"featured_media":4325,"template":"","meta":{"_acf_changed":false},"product_brand":[],"product_cat":[106],"product_tag":[],"class_list":{"0":"post-843","1":"product","2":"type-product","3":"status-publish","4":"has-post-thumbnail","6":"product_cat-fermetures-a-remplissage-paves-ou-beton","8":"first","9":"instock","10":"shipping-taxable","11":"purchasable","12":"product-type-variable"},"acf":[],"_links":{"self":[{"href":"https:\/\/www.soval.fr\/fr\/wp-json\/wp\/v2\/product\/843","targetHints":{"allow":["GET"]}}],"collection":[{"href":"https:\/\/www.soval.fr\/fr\/wp-json\/wp\/v2\/product"}],"about":[{"href":"https:\/\/www.soval.fr\/fr\/wp-json\/wp\/v2\/types\/product"}],"wp:featuredmedia":[{"embeddable":true,"href":"https:\/\/www.soval.fr\/fr\/wp-json\/wp\/v2\/media\/4325"}],"wp:attachment":[{"href":"https:\/\/www.soval.fr\/fr\/wp-json\/wp\/v2\/media?parent=843"}],"wp:term":[{"taxonomy":"product_brand","embeddable":true,"href":"https:\/\/www.soval.fr\/fr\/wp-json\/wp\/v2\/product_brand?post=843"},{"taxonomy":"product_cat","embeddable":true,"href":"https:\/\/www.soval.fr\/fr\/wp-json\/wp\/v2\/product_cat?post=843"},{"taxonomy":"product_tag","embeddable":true,"href":"https:\/\/www.soval.fr\/fr\/wp-json\/wp\/v2\/product_tag?post=843"}],"curies":[{"name":"wp","href":"https:\/\/api.w.org\/{rel}","templated":true}]}}