{"id":848,"date":"2024-08-01T12:13:37","date_gmt":"2024-08-01T10:13:37","guid":{"rendered":"https:\/\/www.soval.fr\/?post_type=product&#038;p=848"},"modified":"2024-09-13T02:14:05","modified_gmt":"2024-09-13T00:14:05","slug":"trappes-modulaires-type-2xltva-250-kn-verrouillees-articulees","status":"publish","type":"product","link":"https:\/\/www.soval.fr\/fr\/produit\/trappes\/trappes-modulaires\/fermetures-multi-tampons\/trappes-modulaires-type-2xltva-250-kn-verrouillees-articulees\/","title":{"rendered":"Trappe modulaire type 2xLTVA classe 250 kN"},"content":{"rendered":"<p>Les trappes modulaires ou <strong>multi tampons<\/strong> type LTVA verrouill\u00e9es articul\u00e9es sont \u00e9quip\u00e9es de tampons fonte 250 KN et d\u2019un cadre acier m\u00e9canosoud\u00e9.<br \/>\nCe sont des dispositifs de couverture \u00e0 installer sur de ouvrages souterrains tels que les <strong>bassins<\/strong> d\u00e9versoirs <strong>d\u2019orage<\/strong>, <strong>chambre de vannes<\/strong>, <strong>stations de relevage<\/strong> \u2026<\/p>\n<p>Chaque ensemble poss\u00e8de une <strong>poutre amovible<\/strong> afin de b\u00e9n\u00e9ficier au besoin du <strong>maximum d\u2019ouverture<\/strong> libre.<br \/>\nElles sont propos\u00e9es avec un verrouillage \u00bc de tour.<\/p>\n","protected":false},"excerpt":{"rendered":"<p>Les trappes modulaires ou multi tampons type LTVA verrouill\u00e9es articul\u00e9es sont \u00e9quip\u00e9es de tampons fonte 250 KN et d\u2019un cadre acier m\u00e9canosoud\u00e9. Ce sont des dispositifs de couverture \u00e0 installer sur de ouvrages souterrains tels que les bassins d\u00e9versoirs d\u2019orage, chambre de vannes, stations de relevage \u2026 Chaque ensemble poss\u00e8de une poutre amovible afin de [&hellip;]<\/p>\n","protected":false},"featured_media":4409,"template":"","meta":{"_acf_changed":false},"product_brand":[],"product_cat":[112],"product_tag":[],"class_list":{"0":"post-848","1":"product","2":"type-product","3":"status-publish","4":"has-post-thumbnail","6":"product_cat-fermetures-multi-tampons","8":"first","9":"instock","10":"shipping-taxable","11":"purchasable","12":"product-type-variable"},"acf":[],"_links":{"self":[{"href":"https:\/\/www.soval.fr\/fr\/wp-json\/wp\/v2\/product\/848","targetHints":{"allow":["GET"]}}],"collection":[{"href":"https:\/\/www.soval.fr\/fr\/wp-json\/wp\/v2\/product"}],"about":[{"href":"https:\/\/www.soval.fr\/fr\/wp-json\/wp\/v2\/types\/product"}],"wp:featuredmedia":[{"embeddable":true,"href":"https:\/\/www.soval.fr\/fr\/wp-json\/wp\/v2\/media\/4409"}],"wp:attachment":[{"href":"https:\/\/www.soval.fr\/fr\/wp-json\/wp\/v2\/media?parent=848"}],"wp:term":[{"taxonomy":"product_brand","embeddable":true,"href":"https:\/\/www.soval.fr\/fr\/wp-json\/wp\/v2\/product_brand?post=848"},{"taxonomy":"product_cat","embeddable":true,"href":"https:\/\/www.soval.fr\/fr\/wp-json\/wp\/v2\/product_cat?post=848"},{"taxonomy":"product_tag","embeddable":true,"href":"https:\/\/www.soval.fr\/fr\/wp-json\/wp\/v2\/product_tag?post=848"}],"curies":[{"name":"wp","href":"https:\/\/api.w.org\/{rel}","templated":true}]}}