{"id":855,"date":"2024-08-01T12:13:38","date_gmt":"2024-08-01T10:13:38","guid":{"rendered":"https:\/\/www.soval.fr\/?post_type=product&#038;p=855"},"modified":"2025-06-20T10:14:16","modified_gmt":"2025-06-20T08:14:16","slug":"trappes-modulaires-type-2xkevaa-600-kn-cadre-monobloc-verrouillees-articulees-assistees","status":"publish","type":"product","link":"https:\/\/www.soval.fr\/fr\/produit\/trappes\/trappes-modulaires\/fermetures-multi-tampons\/trappes-modulaires-type-2xkevaa-600-kn-cadre-monobloc-verrouillees-articulees-assistees\/","title":{"rendered":"Trappe modulaire type 2xKEVAA classe 600 kN"},"content":{"rendered":"<p>Les trappes modulaires ou <strong>multi tampons<\/strong> type KEVAA verrouill\u00e9es articul\u00e9es assist\u00e9es sont \u00e9quip\u00e9es de tampons fonte 600 KN et d\u2019un cadre acier monobloc m\u00e9canosoud\u00e9.<br \/>\nCe sont des dispositifs de couverture \u00e0 installer sur de ouvrages souterrains tels que les <strong>bassins<\/strong> d\u00e9versoirs <strong>d\u2019orage<\/strong>, <strong>chambre de vannes<\/strong>, <strong>stations de relevage<\/strong> \u2026<\/p>\n<p>Chaque ensemble poss\u00e8de une <strong>poutre amovible<\/strong> afin de b\u00e9n\u00e9ficier au besoin du <strong>maximum d\u2019ouverture<\/strong> libre.<br \/>\nElles sont propos\u00e9es avec un verrouillage \u00bc de tour.<\/p>\n","protected":false},"excerpt":{"rendered":"<p>Les trappes modulaires ou multi tampons type KEVAA verrouill\u00e9es articul\u00e9es assist\u00e9es sont \u00e9quip\u00e9es de tampons fonte 600 KN et d\u2019un cadre acier monobloc m\u00e9canosoud\u00e9. Ce sont des dispositifs de couverture \u00e0 installer sur de ouvrages souterrains tels que les bassins d\u00e9versoirs d\u2019orage, chambre de vannes, stations de relevage \u2026 Chaque ensemble poss\u00e8de une poutre amovible [&hellip;]<\/p>\n","protected":false},"featured_media":4486,"template":"","meta":{"_acf_changed":false},"product_brand":[],"product_cat":[112],"product_tag":[],"class_list":{"0":"post-855","1":"product","2":"type-product","3":"status-publish","4":"has-post-thumbnail","6":"product_cat-fermetures-multi-tampons","8":"first","9":"instock","10":"shipping-taxable","11":"purchasable","12":"product-type-variable"},"acf":[],"_links":{"self":[{"href":"https:\/\/www.soval.fr\/fr\/wp-json\/wp\/v2\/product\/855","targetHints":{"allow":["GET"]}}],"collection":[{"href":"https:\/\/www.soval.fr\/fr\/wp-json\/wp\/v2\/product"}],"about":[{"href":"https:\/\/www.soval.fr\/fr\/wp-json\/wp\/v2\/types\/product"}],"wp:featuredmedia":[{"embeddable":true,"href":"https:\/\/www.soval.fr\/fr\/wp-json\/wp\/v2\/media\/4486"}],"wp:attachment":[{"href":"https:\/\/www.soval.fr\/fr\/wp-json\/wp\/v2\/media?parent=855"}],"wp:term":[{"taxonomy":"product_brand","embeddable":true,"href":"https:\/\/www.soval.fr\/fr\/wp-json\/wp\/v2\/product_brand?post=855"},{"taxonomy":"product_cat","embeddable":true,"href":"https:\/\/www.soval.fr\/fr\/wp-json\/wp\/v2\/product_cat?post=855"},{"taxonomy":"product_tag","embeddable":true,"href":"https:\/\/www.soval.fr\/fr\/wp-json\/wp\/v2\/product_tag?post=855"}],"curies":[{"name":"wp","href":"https:\/\/api.w.org\/{rel}","templated":true}]}}