{"id":857,"date":"2024-08-01T12:10:09","date_gmt":"2024-08-01T10:10:09","guid":{"rendered":"https:\/\/www.soval.fr\/?post_type=product&#038;p=857"},"modified":"2024-09-13T02:18:14","modified_gmt":"2024-09-13T00:18:14","slug":"grille-antichute-de-tampons-articulee-et-cadenassable","status":"publish","type":"product","link":"https:\/\/www.soval.fr\/fr\/produit\/trappes\/protection\/grilles-garde-corps\/grille-antichute-de-tampons-articulee-et-cadenassable\/","title":{"rendered":"Grille antichute de tampons articul\u00e9e &#038; cadenassable"},"content":{"rendered":"<p>Ces grilles de protection sont con\u00e7ues pour <strong>retenir la chute d\u2019un tampon <\/strong>sur l\u2019angle \u00e0 une hauteur de 40 cm lors de diff\u00e9rentes op\u00e9rations d\u2019exploitation.<\/p>\n<p>Gr\u00e2ce \u00e0 un <strong>dispositif de verrouillage<\/strong> les grilles offrent une s\u00e9curisation suppl\u00e9mentaire des r\u00e9seaux.<\/p>\n","protected":false},"excerpt":{"rendered":"<p>Ces grilles de protection sont con\u00e7ues pour retenir la chute d\u2019un tampon sur l\u2019angle \u00e0 une hauteur de 40 cm lors de diff\u00e9rentes op\u00e9rations d\u2019exploitation. Gr\u00e2ce \u00e0 un dispositif de verrouillage les grilles offrent une s\u00e9curisation suppl\u00e9mentaire des r\u00e9seaux.<\/p>\n","protected":false},"featured_media":4501,"template":"","meta":{"_acf_changed":false},"product_brand":[],"product_cat":[104],"product_tag":[],"class_list":{"0":"post-857","1":"product","2":"type-product","3":"status-publish","4":"has-post-thumbnail","6":"product_cat-grilles-garde-corps","8":"first","9":"instock","10":"shipping-taxable","11":"purchasable","12":"product-type-variable"},"acf":[],"_links":{"self":[{"href":"https:\/\/www.soval.fr\/fr\/wp-json\/wp\/v2\/product\/857","targetHints":{"allow":["GET"]}}],"collection":[{"href":"https:\/\/www.soval.fr\/fr\/wp-json\/wp\/v2\/product"}],"about":[{"href":"https:\/\/www.soval.fr\/fr\/wp-json\/wp\/v2\/types\/product"}],"wp:featuredmedia":[{"embeddable":true,"href":"https:\/\/www.soval.fr\/fr\/wp-json\/wp\/v2\/media\/4501"}],"wp:attachment":[{"href":"https:\/\/www.soval.fr\/fr\/wp-json\/wp\/v2\/media?parent=857"}],"wp:term":[{"taxonomy":"product_brand","embeddable":true,"href":"https:\/\/www.soval.fr\/fr\/wp-json\/wp\/v2\/product_brand?post=857"},{"taxonomy":"product_cat","embeddable":true,"href":"https:\/\/www.soval.fr\/fr\/wp-json\/wp\/v2\/product_cat?post=857"},{"taxonomy":"product_tag","embeddable":true,"href":"https:\/\/www.soval.fr\/fr\/wp-json\/wp\/v2\/product_tag?post=857"}],"curies":[{"name":"wp","href":"https:\/\/api.w.org\/{rel}","templated":true}]}}