{"id":858,"date":"2024-08-01T12:10:09","date_gmt":"2024-08-01T10:10:09","guid":{"rendered":"https:\/\/www.soval.fr\/?post_type=product&#038;p=858"},"modified":"2024-09-13T02:18:30","modified_gmt":"2024-09-13T00:18:30","slug":"kit-dadaptation-grille-anti-chute-de-tampons-pour-trappes-tous-types","status":"publish","type":"product","link":"https:\/\/www.soval.fr\/fr\/produit\/trappes\/protection\/grilles-garde-corps\/kit-dadaptation-grille-anti-chute-de-tampons-pour-trappes-tous-types\/","title":{"rendered":"Kit d&#8217;adaptation pour grille antichute de tampons"},"content":{"rendered":"<p>Compos\u00e9 de 2 cages d\u2019articulation et de 2 pattes de verrouillage, ce kit d\u2019adaptation \u00e0 spitter permet d\u2019\u00e9quiper les trappes type t\u00e9l\u00e9com de grilles de protection \u00e0 maille.<\/p>\n","protected":false},"excerpt":{"rendered":"<p>Compos\u00e9 de 2 cages d\u2019articulation et de 2 pattes de verrouillage, ce kit d\u2019adaptation \u00e0 spitter permet d\u2019\u00e9quiper les trappes type t\u00e9l\u00e9com de grilles de protection \u00e0 maille.<\/p>\n","protected":false},"featured_media":4520,"template":"","meta":{"_acf_changed":false},"product_brand":[],"product_cat":[104],"product_tag":[],"class_list":{"0":"post-858","1":"product","2":"type-product","3":"status-publish","4":"has-post-thumbnail","6":"product_cat-grilles-garde-corps","8":"first","9":"instock","10":"shipping-taxable","11":"purchasable","12":"product-type-variable"},"acf":[],"_links":{"self":[{"href":"https:\/\/www.soval.fr\/fr\/wp-json\/wp\/v2\/product\/858","targetHints":{"allow":["GET"]}}],"collection":[{"href":"https:\/\/www.soval.fr\/fr\/wp-json\/wp\/v2\/product"}],"about":[{"href":"https:\/\/www.soval.fr\/fr\/wp-json\/wp\/v2\/types\/product"}],"wp:featuredmedia":[{"embeddable":true,"href":"https:\/\/www.soval.fr\/fr\/wp-json\/wp\/v2\/media\/4520"}],"wp:attachment":[{"href":"https:\/\/www.soval.fr\/fr\/wp-json\/wp\/v2\/media?parent=858"}],"wp:term":[{"taxonomy":"product_brand","embeddable":true,"href":"https:\/\/www.soval.fr\/fr\/wp-json\/wp\/v2\/product_brand?post=858"},{"taxonomy":"product_cat","embeddable":true,"href":"https:\/\/www.soval.fr\/fr\/wp-json\/wp\/v2\/product_cat?post=858"},{"taxonomy":"product_tag","embeddable":true,"href":"https:\/\/www.soval.fr\/fr\/wp-json\/wp\/v2\/product_tag?post=858"}],"curies":[{"name":"wp","href":"https:\/\/api.w.org\/{rel}","templated":true}]}}