{"id":865,"date":"2024-08-01T12:10:10","date_gmt":"2024-08-01T10:10:10","guid":{"rendered":"https:\/\/www.soval.fr\/?post_type=product&#038;p=865"},"modified":"2024-09-13T02:21:07","modified_gmt":"2024-09-13T00:21:07","slug":"grille-antichute-a-barreaux-independant-pour-trappes-titan-1200","status":"publish","type":"product","link":"https:\/\/www.soval.fr\/fr\/produit\/trappes\/protection\/grilles-garde-corps\/grille-antichute-a-barreaux-independant-pour-trappes-titan-1200\/","title":{"rendered":"Grille antichute \u00e0 barreaux ind\u00e9pendant pour trappes TITAN 1200"},"content":{"rendered":"<p><strong>S\u00e9curisation des agents en intervention trappes ouvertes.<\/strong><\/p>\n<p>Les grilles \u00e0 barreaux solidaires en acier inoxydable sont destin\u00e9es \u00e0 \u00e9viter la chute humaine dans les ouvrages souterrains\u00a0 tels que chambres t\u00e9l\u00e9com, chambres de relevage, chambres de vannes\u2026<br \/>\nChaque barreau de la grille est <strong>actionnable s\u00e9par\u00e9ment<\/strong>.<br \/>\nSeuls <strong>le<\/strong> ou <strong>les <\/strong>barreaux ayant une <strong>emprise directe<\/strong> sur l\u2019\u00e9l\u00e9ment \u00e0 remonter seront actionn\u00e9s.<br \/>\nLe reste de l\u2019acc\u00e8s \u00e0 l\u2019ouvrage <strong>reste s\u00e9curis\u00e9.<\/strong><\/p>\n","protected":false},"excerpt":{"rendered":"<p>S\u00e9curisation des agents en intervention trappes ouvertes. Les grilles \u00e0 barreaux solidaires en acier inoxydable sont destin\u00e9es \u00e0 \u00e9viter la chute humaine dans les ouvrages souterrains\u00a0 tels que chambres t\u00e9l\u00e9com, chambres de relevage, chambres de vannes\u2026 Chaque barreau de la grille est actionnable s\u00e9par\u00e9ment. Seuls le ou les barreaux ayant une emprise directe sur l\u2019\u00e9l\u00e9ment [&hellip;]<\/p>\n","protected":false},"featured_media":4607,"template":"","meta":{"_acf_changed":false},"product_brand":[],"product_cat":[104],"product_tag":[],"class_list":{"0":"post-865","1":"product","2":"type-product","3":"status-publish","4":"has-post-thumbnail","6":"product_cat-grilles-garde-corps","8":"first","9":"instock","10":"shipping-taxable","11":"purchasable","12":"product-type-variable"},"acf":[],"_links":{"self":[{"href":"https:\/\/www.soval.fr\/fr\/wp-json\/wp\/v2\/product\/865","targetHints":{"allow":["GET"]}}],"collection":[{"href":"https:\/\/www.soval.fr\/fr\/wp-json\/wp\/v2\/product"}],"about":[{"href":"https:\/\/www.soval.fr\/fr\/wp-json\/wp\/v2\/types\/product"}],"wp:featuredmedia":[{"embeddable":true,"href":"https:\/\/www.soval.fr\/fr\/wp-json\/wp\/v2\/media\/4607"}],"wp:attachment":[{"href":"https:\/\/www.soval.fr\/fr\/wp-json\/wp\/v2\/media?parent=865"}],"wp:term":[{"taxonomy":"product_brand","embeddable":true,"href":"https:\/\/www.soval.fr\/fr\/wp-json\/wp\/v2\/product_brand?post=865"},{"taxonomy":"product_cat","embeddable":true,"href":"https:\/\/www.soval.fr\/fr\/wp-json\/wp\/v2\/product_cat?post=865"},{"taxonomy":"product_tag","embeddable":true,"href":"https:\/\/www.soval.fr\/fr\/wp-json\/wp\/v2\/product_tag?post=865"}],"curies":[{"name":"wp","href":"https:\/\/api.w.org\/{rel}","templated":true}]}}