{"id":871,"date":"2024-07-20T17:38:33","date_gmt":"2024-07-20T15:38:33","guid":{"rendered":"https:\/\/www.soval.fr\/?post_type=product&#038;p=871"},"modified":"2024-09-12T15:50:48","modified_gmt":"2024-09-12T13:50:48","slug":"joint-nbr-souplessur-t-assainissement","status":"publish","type":"product","link":"https:\/\/www.soval.fr\/fr\/produit\/voirie-assainissement\/raccords-assainissement\/souplessur-assainissement\/joint-nbr-souplessur-t-assainissement\/","title":{"rendered":"Joint NBR souplessur-T Assainissement"},"content":{"rendered":"<p>Utilis\u00e9 avec les raccords SOUPLESSUR-T ASSAINISSEMENT, le joint d\u2019\u00e9tanch\u00e9it\u00e9 TYTON permet l\u2019emboitement automatique du raccord dans la canalisation en fonte ductile sans aucun vissage.<\/p>\n","protected":false},"excerpt":{"rendered":"<p>Utilis\u00e9 avec les raccords SOUPLESSUR-T ASSAINISSEMENT, le joint d\u2019\u00e9tanch\u00e9it\u00e9 TYTON permet l\u2019emboitement automatique du raccord dans la canalisation en fonte ductile sans aucun vissage.<\/p>\n","protected":false},"featured_media":3762,"template":"","meta":{"_acf_changed":false},"product_brand":[],"product_cat":[119],"product_tag":[],"class_list":{"0":"post-871","1":"product","2":"type-product","3":"status-publish","4":"has-post-thumbnail","6":"product_cat-souplessur-assainissement","8":"first","9":"instock","10":"shipping-taxable","11":"purchasable","12":"product-type-variable"},"acf":[],"_links":{"self":[{"href":"https:\/\/www.soval.fr\/fr\/wp-json\/wp\/v2\/product\/871","targetHints":{"allow":["GET"]}}],"collection":[{"href":"https:\/\/www.soval.fr\/fr\/wp-json\/wp\/v2\/product"}],"about":[{"href":"https:\/\/www.soval.fr\/fr\/wp-json\/wp\/v2\/types\/product"}],"wp:featuredmedia":[{"embeddable":true,"href":"https:\/\/www.soval.fr\/fr\/wp-json\/wp\/v2\/media\/3762"}],"wp:attachment":[{"href":"https:\/\/www.soval.fr\/fr\/wp-json\/wp\/v2\/media?parent=871"}],"wp:term":[{"taxonomy":"product_brand","embeddable":true,"href":"https:\/\/www.soval.fr\/fr\/wp-json\/wp\/v2\/product_brand?post=871"},{"taxonomy":"product_cat","embeddable":true,"href":"https:\/\/www.soval.fr\/fr\/wp-json\/wp\/v2\/product_cat?post=871"},{"taxonomy":"product_tag","embeddable":true,"href":"https:\/\/www.soval.fr\/fr\/wp-json\/wp\/v2\/product_tag?post=871"}],"curies":[{"name":"wp","href":"https:\/\/api.w.org\/{rel}","templated":true}]}}