{"id":872,"date":"2024-07-20T17:38:33","date_gmt":"2024-07-20T15:38:33","guid":{"rendered":"https:\/\/www.soval.fr\/?post_type=product&#038;p=872"},"modified":"2024-09-12T15:27:29","modified_gmt":"2024-09-12T13:27:29","slug":"marteau-leve-plaques","status":"publish","type":"product","link":"https:\/\/www.soval.fr\/fr\/produit\/voirie-assainissement\/accessoires\/leve-tampon-cles-verrous\/marteau-leve-plaques\/","title":{"rendered":"Marteau l\u00e8ve plaques"},"content":{"rendered":"<p>Gr\u00e2ce \u00e0 son patin en cuivre (anti \u00e9tincelles) interchangeable et \u00e0 la masse mobile situ\u00e9 \u00e0 l\u2019int\u00e9rieur du manche, le marteau l\u00e8ve plaques est id\u00e9al pour le d\u00e9collement et la manipulation de tampons munis de points de pr\u00e9hension.<\/p>\n<p>Tr\u00e8s r\u00e9sistant, sp\u00e9cialement con\u00e7u pour une manipulation sans risque et confortable des plaques et tampons par effet de levier.<\/p>\n","protected":false},"excerpt":{"rendered":"<p>Gr\u00e2ce \u00e0 son patin en cuivre (anti \u00e9tincelles) interchangeable et \u00e0 la masse mobile situ\u00e9 \u00e0 l\u2019int\u00e9rieur du manche, le marteau l\u00e8ve plaques est id\u00e9al pour le d\u00e9collement et la manipulation de tampons munis de points de pr\u00e9hension. Tr\u00e8s r\u00e9sistant, sp\u00e9cialement con\u00e7u pour une manipulation sans risque et confortable des plaques et tampons par effet [&hellip;]<\/p>\n","protected":false},"featured_media":3684,"template":"","meta":{"_acf_changed":false},"product_brand":[],"product_cat":[50],"product_tag":[],"class_list":{"0":"post-872","1":"product","2":"type-product","3":"status-publish","4":"has-post-thumbnail","6":"product_cat-leve-tampon-cles-verrous","8":"first","9":"instock","10":"shipping-taxable","11":"purchasable","12":"product-type-variable"},"acf":[],"_links":{"self":[{"href":"https:\/\/www.soval.fr\/fr\/wp-json\/wp\/v2\/product\/872","targetHints":{"allow":["GET"]}}],"collection":[{"href":"https:\/\/www.soval.fr\/fr\/wp-json\/wp\/v2\/product"}],"about":[{"href":"https:\/\/www.soval.fr\/fr\/wp-json\/wp\/v2\/types\/product"}],"wp:featuredmedia":[{"embeddable":true,"href":"https:\/\/www.soval.fr\/fr\/wp-json\/wp\/v2\/media\/3684"}],"wp:attachment":[{"href":"https:\/\/www.soval.fr\/fr\/wp-json\/wp\/v2\/media?parent=872"}],"wp:term":[{"taxonomy":"product_brand","embeddable":true,"href":"https:\/\/www.soval.fr\/fr\/wp-json\/wp\/v2\/product_brand?post=872"},{"taxonomy":"product_cat","embeddable":true,"href":"https:\/\/www.soval.fr\/fr\/wp-json\/wp\/v2\/product_cat?post=872"},{"taxonomy":"product_tag","embeddable":true,"href":"https:\/\/www.soval.fr\/fr\/wp-json\/wp\/v2\/product_tag?post=872"}],"curies":[{"name":"wp","href":"https:\/\/api.w.org\/{rel}","templated":true}]}}