{"id":873,"date":"2024-08-01T12:25:07","date_gmt":"2024-08-01T10:25:07","guid":{"rendered":"https:\/\/www.soval.fr\/?post_type=product&#038;p=873"},"modified":"2024-09-13T01:58:33","modified_gmt":"2024-09-12T23:58:33","slug":"cle-de-manoeuvre-titan","status":"publish","type":"product","link":"https:\/\/www.soval.fr\/fr\/produit\/trappes\/accessoires-2\/leve-tampons-cles-verrous\/cle-de-manoeuvre-titan\/","title":{"rendered":"Cl\u00e9 de manoeuvre TITAN"},"content":{"rendered":"<p>La cl\u00e9 de man\u0153uvre TITAN de man\u0153uvre permet :<br \/>\nLe d\u00e9verrouillage des tampons de la gamme Titan et Titan 1000.<br \/>\nEn position verrouill\u00e9, la cl\u00e9 est captive du tampon et fait fonction de poign\u00e9e de man\u0153uvre.<\/p>\n","protected":false},"excerpt":{"rendered":"<p>La cl\u00e9 de man\u0153uvre TITAN de man\u0153uvre permet : Le d\u00e9verrouillage des tampons de la gamme Titan et Titan 1000. En position verrouill\u00e9, la cl\u00e9 est captive du tampon et fait fonction de poign\u00e9e de man\u0153uvre.<\/p>\n","protected":false},"featured_media":5661,"template":"","meta":{"_acf_changed":false},"product_brand":[],"product_cat":[100],"product_tag":[],"class_list":{"0":"post-873","1":"product","2":"type-product","3":"status-publish","4":"has-post-thumbnail","6":"product_cat-leve-tampons-cles-verrous","8":"first","9":"instock","10":"shipping-taxable","11":"purchasable","12":"product-type-variable"},"acf":[],"_links":{"self":[{"href":"https:\/\/www.soval.fr\/fr\/wp-json\/wp\/v2\/product\/873","targetHints":{"allow":["GET"]}}],"collection":[{"href":"https:\/\/www.soval.fr\/fr\/wp-json\/wp\/v2\/product"}],"about":[{"href":"https:\/\/www.soval.fr\/fr\/wp-json\/wp\/v2\/types\/product"}],"wp:featuredmedia":[{"embeddable":true,"href":"https:\/\/www.soval.fr\/fr\/wp-json\/wp\/v2\/media\/5661"}],"wp:attachment":[{"href":"https:\/\/www.soval.fr\/fr\/wp-json\/wp\/v2\/media?parent=873"}],"wp:term":[{"taxonomy":"product_brand","embeddable":true,"href":"https:\/\/www.soval.fr\/fr\/wp-json\/wp\/v2\/product_brand?post=873"},{"taxonomy":"product_cat","embeddable":true,"href":"https:\/\/www.soval.fr\/fr\/wp-json\/wp\/v2\/product_cat?post=873"},{"taxonomy":"product_tag","embeddable":true,"href":"https:\/\/www.soval.fr\/fr\/wp-json\/wp\/v2\/product_tag?post=873"}],"curies":[{"name":"wp","href":"https:\/\/api.w.org\/{rel}","templated":true}]}}