{"id":877,"date":"2024-08-01T12:03:40","date_gmt":"2024-08-01T10:03:40","guid":{"rendered":"https:\/\/www.soval.fr\/?post_type=product&#038;p=877"},"modified":"2026-02-20T10:43:17","modified_gmt":"2026-02-20T09:43:17","slug":"trappes-verrouillees-type-ptv-c250-a-grille-anti-chute","status":"publish","type":"product","link":"https:\/\/www.soval.fr\/fr\/produit\/trappes\/trappes-verrouillees\/fermetures-securisees\/trappes-verrouillees-type-ptv-c250-a-grille-anti-chute\/","title":{"rendered":"Trappes verrouill\u00e9es type PTV C250 anti-chute"},"content":{"rendered":"<p>\u00c9quip\u00e9es d\u2019un tampon fonte C250, d\u2019un cadre acier et d&#8217;une <strong>grille anti-chute<\/strong>, les trappes types\u00a0<strong>PTV<\/strong> sont des dispositifs de couverture \u00e0 installer sur les chambres de r\u00e9seaux secs types <strong>t\u00e9l\u00e9com<\/strong>, <strong>fibre optique<\/strong> ou sur des ouvrages souterrains.<\/p>\n<p>Elles sont \u00e9quip\u00e9es en standard avec un <strong>verrouillage \u00bc de tour <\/strong>t\u00eate hexagonale de 22 en acier Inox.<\/p>\n","protected":false},"excerpt":{"rendered":"<p>\u00c9quip\u00e9es d\u2019un tampon fonte C250, d\u2019un cadre acier et d&#8217;une grille anti-chute, les trappes types\u00a0PTV sont des dispositifs de couverture \u00e0 installer sur les chambres de r\u00e9seaux secs types t\u00e9l\u00e9com, fibre optique ou sur des ouvrages souterrains. Elles sont \u00e9quip\u00e9es en standard avec un verrouillage \u00bc de tour t\u00eate hexagonale de 22 en acier Inox.<\/p>\n","protected":false},"featured_media":4130,"template":"","meta":{"_acf_changed":false},"product_brand":[],"product_cat":[114],"product_tag":[],"class_list":{"0":"post-877","1":"product","2":"type-product","3":"status-publish","4":"has-post-thumbnail","6":"product_cat-fermetures-securisees","8":"first","9":"instock","10":"shipping-taxable","11":"purchasable","12":"product-type-variable"},"acf":[],"_links":{"self":[{"href":"https:\/\/www.soval.fr\/fr\/wp-json\/wp\/v2\/product\/877","targetHints":{"allow":["GET"]}}],"collection":[{"href":"https:\/\/www.soval.fr\/fr\/wp-json\/wp\/v2\/product"}],"about":[{"href":"https:\/\/www.soval.fr\/fr\/wp-json\/wp\/v2\/types\/product"}],"wp:featuredmedia":[{"embeddable":true,"href":"https:\/\/www.soval.fr\/fr\/wp-json\/wp\/v2\/media\/4130"}],"wp:attachment":[{"href":"https:\/\/www.soval.fr\/fr\/wp-json\/wp\/v2\/media?parent=877"}],"wp:term":[{"taxonomy":"product_brand","embeddable":true,"href":"https:\/\/www.soval.fr\/fr\/wp-json\/wp\/v2\/product_brand?post=877"},{"taxonomy":"product_cat","embeddable":true,"href":"https:\/\/www.soval.fr\/fr\/wp-json\/wp\/v2\/product_cat?post=877"},{"taxonomy":"product_tag","embeddable":true,"href":"https:\/\/www.soval.fr\/fr\/wp-json\/wp\/v2\/product_tag?post=877"}],"curies":[{"name":"wp","href":"https:\/\/api.w.org\/{rel}","templated":true}]}}