{"id":888,"date":"2024-07-20T17:38:36","date_gmt":"2024-07-20T15:38:36","guid":{"rendered":"https:\/\/www.soval.fr\/?post_type=product&#038;p=888"},"modified":"2026-02-20T11:15:40","modified_gmt":"2026-02-20T10:15:40","slug":"regard-hydraulique-hydro-c250","status":"publish","type":"product","link":"https:\/\/www.soval.fr\/fr\/produit\/voirie-assainissement\/regards-et-tampons\/regards-hydraulique\/regard-hydraulique-hydro-c250\/","title":{"rendered":"Regard hydraulique HYDR\u2019O &#8211; C250"},"content":{"rendered":"<p>Le <strong>REGARD HYDR\u2019O<\/strong> est un regard carr\u00e9 \u00e0 fermeture hydraulique en fonte<strong> C250<\/strong> assurant l\u2019\u00e9tanch\u00e9it\u00e9 aux odeurs.<\/p>\n<p>Sur la base d\u2019un tampon unique, HYDR\u2019O <strong>peut \u00eatre configur\u00e9 (verrouillage, identification des r\u00e9seaux)<\/strong> en usine ou sur chantier.<\/p>\n","protected":false},"excerpt":{"rendered":"<p>Le REGARD HYDR\u2019O est un regard carr\u00e9 \u00e0 fermeture hydraulique en fonte C250 assurant l\u2019\u00e9tanch\u00e9it\u00e9 aux odeurs. Sur la base d\u2019un tampon unique, HYDR\u2019O peut \u00eatre configur\u00e9 (verrouillage, identification des r\u00e9seaux) en usine ou sur chantier.<\/p>\n","protected":false},"featured_media":3696,"template":"","meta":{"_acf_changed":false},"product_brand":[],"product_cat":[44],"product_tag":[],"class_list":{"0":"post-888","1":"product","2":"type-product","3":"status-publish","4":"has-post-thumbnail","6":"product_cat-regards-hydraulique","8":"first","9":"instock","10":"shipping-taxable","11":"purchasable","12":"product-type-variable"},"acf":[],"_links":{"self":[{"href":"https:\/\/www.soval.fr\/fr\/wp-json\/wp\/v2\/product\/888","targetHints":{"allow":["GET"]}}],"collection":[{"href":"https:\/\/www.soval.fr\/fr\/wp-json\/wp\/v2\/product"}],"about":[{"href":"https:\/\/www.soval.fr\/fr\/wp-json\/wp\/v2\/types\/product"}],"wp:featuredmedia":[{"embeddable":true,"href":"https:\/\/www.soval.fr\/fr\/wp-json\/wp\/v2\/media\/3696"}],"wp:attachment":[{"href":"https:\/\/www.soval.fr\/fr\/wp-json\/wp\/v2\/media?parent=888"}],"wp:term":[{"taxonomy":"product_brand","embeddable":true,"href":"https:\/\/www.soval.fr\/fr\/wp-json\/wp\/v2\/product_brand?post=888"},{"taxonomy":"product_cat","embeddable":true,"href":"https:\/\/www.soval.fr\/fr\/wp-json\/wp\/v2\/product_cat?post=888"},{"taxonomy":"product_tag","embeddable":true,"href":"https:\/\/www.soval.fr\/fr\/wp-json\/wp\/v2\/product_tag?post=888"}],"curies":[{"name":"wp","href":"https:\/\/api.w.org\/{rel}","templated":true}]}}