{"id":892,"date":"2024-07-20T17:38:37","date_gmt":"2024-07-20T15:38:37","guid":{"rendered":"https:\/\/www.soval.fr\/?post_type=product&#038;p=892"},"modified":"2024-09-11T17:39:15","modified_gmt":"2024-09-11T15:39:15","slug":"bac-inox-de-retention-anti-contamination","status":"publish","type":"product","link":"https:\/\/www.soval.fr\/fr\/produit\/aep\/stations-reservoirs\/capots-regard-vannes-murales-crepine-clapet\/bac-inox-de-retention-anti-contamination\/","title":{"rendered":"Bac inox de r\u00e9tention anti-contamination"},"content":{"rendered":"<p>Le bac de r\u00e9tention anti-contammination en acier inox emp\u00eache la chute de r\u00e9sidus solide ou liquide dans le bassin<\/p>\n","protected":false},"excerpt":{"rendered":"<p>Le bac de r\u00e9tention anti-contammination en acier inox emp\u00eache la chute de r\u00e9sidus solide ou liquide dans le bassin<\/p>\n","protected":false},"featured_media":2595,"template":"","meta":{"_acf_changed":false},"product_brand":[],"product_cat":[41],"product_tag":[],"class_list":{"0":"post-892","1":"product","2":"type-product","3":"status-publish","4":"has-post-thumbnail","6":"product_cat-capots-regard-vannes-murales-crepine-clapet","8":"first","9":"instock","10":"shipping-taxable","11":"purchasable","12":"product-type-variable"},"acf":[],"_links":{"self":[{"href":"https:\/\/www.soval.fr\/fr\/wp-json\/wp\/v2\/product\/892","targetHints":{"allow":["GET"]}}],"collection":[{"href":"https:\/\/www.soval.fr\/fr\/wp-json\/wp\/v2\/product"}],"about":[{"href":"https:\/\/www.soval.fr\/fr\/wp-json\/wp\/v2\/types\/product"}],"wp:featuredmedia":[{"embeddable":true,"href":"https:\/\/www.soval.fr\/fr\/wp-json\/wp\/v2\/media\/2595"}],"wp:attachment":[{"href":"https:\/\/www.soval.fr\/fr\/wp-json\/wp\/v2\/media?parent=892"}],"wp:term":[{"taxonomy":"product_brand","embeddable":true,"href":"https:\/\/www.soval.fr\/fr\/wp-json\/wp\/v2\/product_brand?post=892"},{"taxonomy":"product_cat","embeddable":true,"href":"https:\/\/www.soval.fr\/fr\/wp-json\/wp\/v2\/product_cat?post=892"},{"taxonomy":"product_tag","embeddable":true,"href":"https:\/\/www.soval.fr\/fr\/wp-json\/wp\/v2\/product_tag?post=892"}],"curies":[{"name":"wp","href":"https:\/\/api.w.org\/{rel}","templated":true}]}}