{"id":895,"date":"2024-08-01T12:23:31","date_gmt":"2024-08-01T10:23:31","guid":{"rendered":"https:\/\/www.soval.fr\/?post_type=product&#038;p=895"},"modified":"2026-02-20T10:32:23","modified_gmt":"2026-02-20T09:32:23","slug":"trappes-ares-e600-verrouillees-articulees-assistees","status":"publish","type":"product","link":"https:\/\/www.soval.fr\/fr\/produit\/trappes\/trappes-articulees\/fermetures-sur-charnieres\/trappes-ares-e600-verrouillees-articulees-assistees\/","title":{"rendered":"Trappes ARES classe E600"},"content":{"rendered":"<p>La trappe <strong>multi-r\u00e9seaux ARES<\/strong> verrouill\u00e9e articul\u00e9e assist\u00e9e est d\u00e9di\u00e9e aux trafics lourds E600 et est \u00e0 la fois compacte et tr\u00e8s ergonomique. Plusieurs innovations assurent le confort d\u2019utilisation et la s\u00e9curit\u00e9 :<\/p>\n<p>Double syst\u00e8me anti-retour \u00e0 cr\u00e9maill\u00e8re, verrouillage par barreaux \u00e9lastique, v\u00e9rins m\u00e9caniques puissants et proportionn\u00e9s, multiples zones d\u2019identification et de personnalisations possibles \u2026<\/p>\n","protected":false},"excerpt":{"rendered":"<p>La trappe multi-r\u00e9seaux ARES verrouill\u00e9e articul\u00e9e assist\u00e9e est d\u00e9di\u00e9e aux trafics lourds E600 et est \u00e0 la fois compacte et tr\u00e8s ergonomique. Plusieurs innovations assurent le confort d\u2019utilisation et la s\u00e9curit\u00e9 : Double syst\u00e8me anti-retour \u00e0 cr\u00e9maill\u00e8re, verrouillage par barreaux \u00e9lastique, v\u00e9rins m\u00e9caniques puissants et proportionn\u00e9s, multiples zones d\u2019identification et de personnalisations possibles \u2026<\/p>\n","protected":false},"featured_media":5016,"template":"","meta":{"_acf_changed":false},"product_brand":[],"product_cat":[108],"product_tag":[],"class_list":{"0":"post-895","1":"product","2":"type-product","3":"status-publish","4":"has-post-thumbnail","6":"product_cat-fermetures-sur-charnieres","8":"first","9":"instock","10":"shipping-taxable","11":"purchasable","12":"product-type-variable"},"acf":[],"_links":{"self":[{"href":"https:\/\/www.soval.fr\/fr\/wp-json\/wp\/v2\/product\/895","targetHints":{"allow":["GET"]}}],"collection":[{"href":"https:\/\/www.soval.fr\/fr\/wp-json\/wp\/v2\/product"}],"about":[{"href":"https:\/\/www.soval.fr\/fr\/wp-json\/wp\/v2\/types\/product"}],"wp:featuredmedia":[{"embeddable":true,"href":"https:\/\/www.soval.fr\/fr\/wp-json\/wp\/v2\/media\/5016"}],"wp:attachment":[{"href":"https:\/\/www.soval.fr\/fr\/wp-json\/wp\/v2\/media?parent=895"}],"wp:term":[{"taxonomy":"product_brand","embeddable":true,"href":"https:\/\/www.soval.fr\/fr\/wp-json\/wp\/v2\/product_brand?post=895"},{"taxonomy":"product_cat","embeddable":true,"href":"https:\/\/www.soval.fr\/fr\/wp-json\/wp\/v2\/product_cat?post=895"},{"taxonomy":"product_tag","embeddable":true,"href":"https:\/\/www.soval.fr\/fr\/wp-json\/wp\/v2\/product_tag?post=895"}],"curies":[{"name":"wp","href":"https:\/\/api.w.org\/{rel}","templated":true}]}}