{"id":896,"date":"2024-08-01T12:23:31","date_gmt":"2024-08-01T10:23:31","guid":{"rendered":"https:\/\/www.soval.fr\/?post_type=product&#038;p=896"},"modified":"2026-02-20T10:31:53","modified_gmt":"2026-02-20T09:31:53","slug":"trappes-titan-1000-e600-verrouillees-articulees-assistees","status":"publish","type":"product","link":"https:\/\/www.soval.fr\/fr\/produit\/trappes\/trappes-articulees\/fermetures-sur-charnieres\/trappes-titan-1000-e600-verrouillees-articulees-assistees\/","title":{"rendered":"Trappes TITAN 1000 classe E600"},"content":{"rendered":"<p>Con\u00e7ue pour r\u00e9pondre \u00e0 la couverture d\u2019ouvrages souterrains de 1m de c\u00f4t\u00e9, la <strong>TITAN 1000<\/strong> verrouill\u00e9e articul\u00e9e assist\u00e9e compl\u00e8te notre gamme de fermetures multi-tampons <strong>E600<\/strong> et se d\u00e9cline en plusieurs longueurs.<\/p>\n<p>Sa configuration lui permet de recevoir un large choix d\u2019options y \u2013compris apr\u00e8s scellement et sans intervention sur le g\u00e9nie civil.<\/p>\n","protected":false},"excerpt":{"rendered":"<p>Con\u00e7ue pour r\u00e9pondre \u00e0 la couverture d\u2019ouvrages souterrains de 1m de c\u00f4t\u00e9, la TITAN 1000 verrouill\u00e9e articul\u00e9e assist\u00e9e compl\u00e8te notre gamme de fermetures multi-tampons E600 et se d\u00e9cline en plusieurs longueurs. Sa configuration lui permet de recevoir un large choix d\u2019options y \u2013compris apr\u00e8s scellement et sans intervention sur le g\u00e9nie civil.<\/p>\n","protected":false},"featured_media":5010,"template":"","meta":{"_acf_changed":false},"product_brand":[],"product_cat":[108],"product_tag":[],"class_list":{"0":"post-896","1":"product","2":"type-product","3":"status-publish","4":"has-post-thumbnail","6":"product_cat-fermetures-sur-charnieres","8":"first","9":"instock","10":"shipping-taxable","11":"purchasable","12":"product-type-variable"},"acf":[],"_links":{"self":[{"href":"https:\/\/www.soval.fr\/fr\/wp-json\/wp\/v2\/product\/896","targetHints":{"allow":["GET"]}}],"collection":[{"href":"https:\/\/www.soval.fr\/fr\/wp-json\/wp\/v2\/product"}],"about":[{"href":"https:\/\/www.soval.fr\/fr\/wp-json\/wp\/v2\/types\/product"}],"wp:featuredmedia":[{"embeddable":true,"href":"https:\/\/www.soval.fr\/fr\/wp-json\/wp\/v2\/media\/5010"}],"wp:attachment":[{"href":"https:\/\/www.soval.fr\/fr\/wp-json\/wp\/v2\/media?parent=896"}],"wp:term":[{"taxonomy":"product_brand","embeddable":true,"href":"https:\/\/www.soval.fr\/fr\/wp-json\/wp\/v2\/product_brand?post=896"},{"taxonomy":"product_cat","embeddable":true,"href":"https:\/\/www.soval.fr\/fr\/wp-json\/wp\/v2\/product_cat?post=896"},{"taxonomy":"product_tag","embeddable":true,"href":"https:\/\/www.soval.fr\/fr\/wp-json\/wp\/v2\/product_tag?post=896"}],"curies":[{"name":"wp","href":"https:\/\/api.w.org\/{rel}","templated":true}]}}