{"id":898,"date":"2024-07-20T17:38:39","date_gmt":"2024-07-20T15:38:39","guid":{"rendered":"https:\/\/www.soval.fr\/?post_type=product&#038;p=898"},"modified":"2024-12-09T11:05:33","modified_gmt":"2024-12-09T10:05:33","slug":"grille-keops-acier-250kn","status":"publish","type":"product","link":"https:\/\/www.soval.fr\/fr\/produit\/voirie-assainissement\/collecte-des-eaux\/grilles-concaves\/grille-keops-acier-250kn\/","title":{"rendered":"Grille KEOPS 250kn"},"content":{"rendered":"<p>La GRILLE KEOPS en 250kn est particuli\u00e8rement recommand\u00e9e pour tout r\u00e9seau d\u2019assainissement de surface situ\u00e9 dans les d\u00e9pendances routi\u00e8res des voies rapides, des autoroutes et des voies de liaison. Existe en version fonte et acier.<\/p>\n","protected":false},"excerpt":{"rendered":"<p>La GRILLE KEOPS en 250kn est particuli\u00e8rement recommand\u00e9e pour tout r\u00e9seau d\u2019assainissement de surface situ\u00e9 dans les d\u00e9pendances routi\u00e8res des voies rapides, des autoroutes et des voies de liaison. Existe en version fonte et acier.<\/p>\n","protected":false},"featured_media":5617,"template":"","meta":{"_acf_changed":false},"product_brand":[],"product_cat":[53],"product_tag":[],"class_list":{"0":"post-898","1":"product","2":"type-product","3":"status-publish","4":"has-post-thumbnail","6":"product_cat-grilles-concaves","8":"first","9":"instock","10":"shipping-taxable","11":"purchasable","12":"product-type-variable"},"acf":[],"_links":{"self":[{"href":"https:\/\/www.soval.fr\/fr\/wp-json\/wp\/v2\/product\/898","targetHints":{"allow":["GET"]}}],"collection":[{"href":"https:\/\/www.soval.fr\/fr\/wp-json\/wp\/v2\/product"}],"about":[{"href":"https:\/\/www.soval.fr\/fr\/wp-json\/wp\/v2\/types\/product"}],"wp:featuredmedia":[{"embeddable":true,"href":"https:\/\/www.soval.fr\/fr\/wp-json\/wp\/v2\/media\/5617"}],"wp:attachment":[{"href":"https:\/\/www.soval.fr\/fr\/wp-json\/wp\/v2\/media?parent=898"}],"wp:term":[{"taxonomy":"product_brand","embeddable":true,"href":"https:\/\/www.soval.fr\/fr\/wp-json\/wp\/v2\/product_brand?post=898"},{"taxonomy":"product_cat","embeddable":true,"href":"https:\/\/www.soval.fr\/fr\/wp-json\/wp\/v2\/product_cat?post=898"},{"taxonomy":"product_tag","embeddable":true,"href":"https:\/\/www.soval.fr\/fr\/wp-json\/wp\/v2\/product_tag?post=898"}],"curies":[{"name":"wp","href":"https:\/\/api.w.org\/{rel}","templated":true}]}}