{"id":904,"date":"2024-08-01T12:10:10","date_gmt":"2024-08-01T10:10:10","guid":{"rendered":"https:\/\/www.soval.fr\/?post_type=product&#038;p=904"},"modified":"2024-12-18T16:18:09","modified_gmt":"2024-12-18T15:18:09","slug":"grille-garde-corps-pour-trappe-titan-1200","status":"publish","type":"product","link":"https:\/\/www.soval.fr\/fr\/produit\/trappes\/protection\/grilles-garde-corps\/grille-garde-corps-pour-trappe-titan-1200\/","title":{"rendered":"Grille garde-corps pour trappe TITAN 1200"},"content":{"rendered":"<p><strong>S\u00e9curisation des agents en intervention trappes ouvertes.<\/strong><\/p>\n<p>Les grilles garde-corps en acier inoxydable sont destin\u00e9es \u00e0 \u00e9viter la chute humaine dans les ouvrages souterrains\u00a0 tels que chambres t\u00e9l\u00e9com, chambres de relevage, chambres de vannes\u2026<\/p>\n","protected":false},"excerpt":{"rendered":"<p>S\u00e9curisation des agents en intervention trappes ouvertes. Les grilles garde-corps en acier inoxydable sont destin\u00e9es \u00e0 \u00e9viter la chute humaine dans les ouvrages souterrains\u00a0 tels que chambres t\u00e9l\u00e9com, chambres de relevage, chambres de vannes\u2026<\/p>\n","protected":false},"featured_media":4624,"template":"","meta":{"_acf_changed":false},"product_brand":[],"product_cat":[104],"product_tag":[],"class_list":{"0":"post-904","1":"product","2":"type-product","3":"status-publish","4":"has-post-thumbnail","6":"product_cat-grilles-garde-corps","8":"first","9":"instock","10":"shipping-taxable","11":"purchasable","12":"product-type-variable"},"acf":[],"_links":{"self":[{"href":"https:\/\/www.soval.fr\/fr\/wp-json\/wp\/v2\/product\/904","targetHints":{"allow":["GET"]}}],"collection":[{"href":"https:\/\/www.soval.fr\/fr\/wp-json\/wp\/v2\/product"}],"about":[{"href":"https:\/\/www.soval.fr\/fr\/wp-json\/wp\/v2\/types\/product"}],"wp:featuredmedia":[{"embeddable":true,"href":"https:\/\/www.soval.fr\/fr\/wp-json\/wp\/v2\/media\/4624"}],"wp:attachment":[{"href":"https:\/\/www.soval.fr\/fr\/wp-json\/wp\/v2\/media?parent=904"}],"wp:term":[{"taxonomy":"product_brand","embeddable":true,"href":"https:\/\/www.soval.fr\/fr\/wp-json\/wp\/v2\/product_brand?post=904"},{"taxonomy":"product_cat","embeddable":true,"href":"https:\/\/www.soval.fr\/fr\/wp-json\/wp\/v2\/product_cat?post=904"},{"taxonomy":"product_tag","embeddable":true,"href":"https:\/\/www.soval.fr\/fr\/wp-json\/wp\/v2\/product_tag?post=904"}],"curies":[{"name":"wp","href":"https:\/\/api.w.org\/{rel}","templated":true}]}}