{"id":906,"date":"2024-07-20T17:38:40","date_gmt":"2024-07-20T15:38:40","guid":{"rendered":"https:\/\/www.soval.fr\/?post_type=product&#038;p=906"},"modified":"2026-02-27T09:16:03","modified_gmt":"2026-02-27T08:16:03","slug":"grille-plate-accyo-avec-cadre-classe-d400","status":"publish","type":"product","link":"https:\/\/www.soval.fr\/fr\/produit\/voirie-assainissement\/collecte-des-eaux\/grilles-plates\/grille-plate-accyo-avec-cadre-classe-d400\/","title":{"rendered":"Grille plate ACCYO avec cadre Classe D400"},"content":{"rendered":"<p>\u00c9quip\u00e9e d\u2019un cadre et d\u2019un tampon de classe D400, ACCY\u2019O est une grille en fonte GS de collecte des eaux pluviales et de ruissellement sur trottoir et zones pi\u00e9tonne.<\/p>\n<p>Elle est con\u00e7ue pour avaler un maximum de volume d\u2019eau tout en permettant une circulation pi\u00e9tonne s\u00e9curis\u00e9e (conforme PMR).<\/p>\n","protected":false},"excerpt":{"rendered":"<p>\u00c9quip\u00e9e d\u2019un cadre et d\u2019un tampon de classe D400, ACCY\u2019O est une grille en fonte GS de collecte des eaux pluviales et de ruissellement sur trottoir et zones pi\u00e9tonne. Elle est con\u00e7ue pour avaler un maximum de volume d\u2019eau tout en permettant une circulation pi\u00e9tonne s\u00e9curis\u00e9e (conforme PMR).<\/p>\n","protected":false},"featured_media":5595,"template":"","meta":{"_acf_changed":false},"product_brand":[],"product_cat":[52],"product_tag":[],"class_list":{"0":"post-906","1":"product","2":"type-product","3":"status-publish","4":"has-post-thumbnail","6":"product_cat-grilles-plates","8":"first","9":"instock","10":"shipping-taxable","11":"purchasable","12":"product-type-variable"},"acf":[],"_links":{"self":[{"href":"https:\/\/www.soval.fr\/fr\/wp-json\/wp\/v2\/product\/906","targetHints":{"allow":["GET"]}}],"collection":[{"href":"https:\/\/www.soval.fr\/fr\/wp-json\/wp\/v2\/product"}],"about":[{"href":"https:\/\/www.soval.fr\/fr\/wp-json\/wp\/v2\/types\/product"}],"wp:featuredmedia":[{"embeddable":true,"href":"https:\/\/www.soval.fr\/fr\/wp-json\/wp\/v2\/media\/5595"}],"wp:attachment":[{"href":"https:\/\/www.soval.fr\/fr\/wp-json\/wp\/v2\/media?parent=906"}],"wp:term":[{"taxonomy":"product_brand","embeddable":true,"href":"https:\/\/www.soval.fr\/fr\/wp-json\/wp\/v2\/product_brand?post=906"},{"taxonomy":"product_cat","embeddable":true,"href":"https:\/\/www.soval.fr\/fr\/wp-json\/wp\/v2\/product_cat?post=906"},{"taxonomy":"product_tag","embeddable":true,"href":"https:\/\/www.soval.fr\/fr\/wp-json\/wp\/v2\/product_tag?post=906"}],"curies":[{"name":"wp","href":"https:\/\/api.w.org\/{rel}","templated":true}]}}