{"id":908,"date":"2024-07-20T17:38:41","date_gmt":"2024-07-20T15:38:41","guid":{"rendered":"https:\/\/www.soval.fr\/?post_type=product&#038;p=908"},"modified":"2026-03-02T14:15:06","modified_gmt":"2026-03-02T13:15:06","slug":"joint-a-brides-a-armature-metallique","status":"publish","type":"product","link":"https:\/\/www.soval.fr\/fr\/produit\/aep\/raccords-de-canalisations\/raccords-a-brides\/joint-a-brides-a-armature-metallique\/","title":{"rendered":"Joint \u00e0 brides \u00e0 armature metallique"},"content":{"rendered":"<p>Le joint \u00e0 armature m\u00e9tallique est utilis\u00e9e pour rendre \u00e9tanche la connexion entre raccords \u00e0 brides.<\/p>\n<p>Son insert m\u00e9tal et son \u00e9paisseur 10 mm offre une \u00e9tanch\u00e9it\u00e9 optimale durant la compression du joint et du serrage des boulons.<\/p>\n","protected":false},"excerpt":{"rendered":"<p>Le joint \u00e0 armature m\u00e9tallique est utilis\u00e9e pour rendre \u00e9tanche la connexion entre raccords \u00e0 brides. Son insert m\u00e9tal et son \u00e9paisseur 10 mm offre une \u00e9tanch\u00e9it\u00e9 optimale durant la compression du joint et du serrage des boulons.<\/p>\n","protected":false},"featured_media":3804,"template":"","meta":{"_acf_changed":false},"product_brand":[],"product_cat":[29],"product_tag":[],"class_list":{"0":"post-908","1":"product","2":"type-product","3":"status-publish","4":"has-post-thumbnail","6":"product_cat-raccords-a-brides","8":"first","9":"instock","10":"shipping-taxable","11":"purchasable","12":"product-type-variable"},"acf":[],"_links":{"self":[{"href":"https:\/\/www.soval.fr\/fr\/wp-json\/wp\/v2\/product\/908","targetHints":{"allow":["GET"]}}],"collection":[{"href":"https:\/\/www.soval.fr\/fr\/wp-json\/wp\/v2\/product"}],"about":[{"href":"https:\/\/www.soval.fr\/fr\/wp-json\/wp\/v2\/types\/product"}],"wp:featuredmedia":[{"embeddable":true,"href":"https:\/\/www.soval.fr\/fr\/wp-json\/wp\/v2\/media\/3804"}],"wp:attachment":[{"href":"https:\/\/www.soval.fr\/fr\/wp-json\/wp\/v2\/media?parent=908"}],"wp:term":[{"taxonomy":"product_brand","embeddable":true,"href":"https:\/\/www.soval.fr\/fr\/wp-json\/wp\/v2\/product_brand?post=908"},{"taxonomy":"product_cat","embeddable":true,"href":"https:\/\/www.soval.fr\/fr\/wp-json\/wp\/v2\/product_cat?post=908"},{"taxonomy":"product_tag","embeddable":true,"href":"https:\/\/www.soval.fr\/fr\/wp-json\/wp\/v2\/product_tag?post=908"}],"curies":[{"name":"wp","href":"https:\/\/api.w.org\/{rel}","templated":true}]}}