{"id":909,"date":"2024-07-20T17:38:41","date_gmt":"2024-07-20T15:38:41","guid":{"rendered":"https:\/\/www.soval.fr\/?post_type=product&#038;p=909"},"modified":"2026-03-31T08:03:31","modified_gmt":"2026-03-31T06:03:31","slug":"grille-kantum-classe-d400","status":"publish","type":"product","link":"https:\/\/www.soval.fr\/fr\/produit\/voirie-assainissement\/regards-et-tampons\/regards-de-chaussee\/grille-kantum-classe-d400\/","title":{"rendered":"Grille KANTUM classe D400"},"content":{"rendered":"<p>La Grille KANTUM \u00e9quip\u00e9e d\u2019un tampon articul\u00e9 en fonte D400 est adapt\u00e9e \u00e0 tout type de chauss\u00e9e \u00e0 trafic mod\u00e9r\u00e9 Parkings, zones pavillonnaires par exemple&#8230;<\/p>\n<p>Elle permet la collecte des eaux pluviales et de ruissellement.<\/p>\n","protected":false},"excerpt":{"rendered":"<p>La Grille KANTUM \u00e9quip\u00e9e d\u2019un tampon articul\u00e9 en fonte D400 est adapt\u00e9e \u00e0 tout type de chauss\u00e9e \u00e0 trafic mod\u00e9r\u00e9 Parkings, zones pavillonnaires par exemple&#8230; Elle permet la collecte des eaux pluviales et de ruissellement.<\/p>\n","protected":false},"featured_media":3672,"template":"","meta":{"_acf_changed":false},"product_brand":[],"product_cat":[43],"product_tag":[],"class_list":{"0":"post-909","1":"product","2":"type-product","3":"status-publish","4":"has-post-thumbnail","6":"product_cat-regards-de-chaussee","8":"first","9":"instock","10":"shipping-taxable","11":"purchasable","12":"product-type-variable"},"acf":[],"_links":{"self":[{"href":"https:\/\/www.soval.fr\/fr\/wp-json\/wp\/v2\/product\/909","targetHints":{"allow":["GET"]}}],"collection":[{"href":"https:\/\/www.soval.fr\/fr\/wp-json\/wp\/v2\/product"}],"about":[{"href":"https:\/\/www.soval.fr\/fr\/wp-json\/wp\/v2\/types\/product"}],"wp:featuredmedia":[{"embeddable":true,"href":"https:\/\/www.soval.fr\/fr\/wp-json\/wp\/v2\/media\/3672"}],"wp:attachment":[{"href":"https:\/\/www.soval.fr\/fr\/wp-json\/wp\/v2\/media?parent=909"}],"wp:term":[{"taxonomy":"product_brand","embeddable":true,"href":"https:\/\/www.soval.fr\/fr\/wp-json\/wp\/v2\/product_brand?post=909"},{"taxonomy":"product_cat","embeddable":true,"href":"https:\/\/www.soval.fr\/fr\/wp-json\/wp\/v2\/product_cat?post=909"},{"taxonomy":"product_tag","embeddable":true,"href":"https:\/\/www.soval.fr\/fr\/wp-json\/wp\/v2\/product_tag?post=909"}],"curies":[{"name":"wp","href":"https:\/\/api.w.org\/{rel}","templated":true}]}}