{"id":910,"date":"2024-07-20T17:38:41","date_gmt":"2024-07-20T15:38:41","guid":{"rendered":"https:\/\/www.soval.fr\/?post_type=product&#038;p=910"},"modified":"2026-02-20T11:04:34","modified_gmt":"2026-02-20T10:04:34","slug":"regard-de-chaussee-maxum-800-etanche-classe-d400","status":"publish","type":"product","link":"https:\/\/www.soval.fr\/fr\/produit\/voirie-assainissement\/regards-et-tampons\/regards-de-chaussee\/regard-de-chaussee-maxum-800-etanche-classe-d400\/","title":{"rendered":"Regard de chauss\u00e9e MAXUM 800 \u00e9tanche classe D400"},"content":{"rendered":"<p>Le MAXUM 800 \u00e9tanche \u00ab\u00a0grande ouverture\u00a0\u00bb est un regard de chauss\u00e9 articul\u00e9 en fonte D400 adapt\u00e9 \u00e0 tout type de chauss\u00e9e \u00e0 trafic intense : circulation soutenue de voitures et poids lourds \u00e0 vitesse urbaine.<\/p>\n","protected":false},"excerpt":{"rendered":"<p>Le MAXUM 800 \u00e9tanche \u00ab\u00a0grande ouverture\u00a0\u00bb est un regard de chauss\u00e9 articul\u00e9 en fonte D400 adapt\u00e9 \u00e0 tout type de chauss\u00e9e \u00e0 trafic intense : circulation soutenue de voitures et poids lourds \u00e0 vitesse urbaine.<\/p>\n","protected":false},"featured_media":3668,"template":"","meta":{"_acf_changed":false},"product_brand":[],"product_cat":[43],"product_tag":[],"class_list":{"0":"post-910","1":"product","2":"type-product","3":"status-publish","4":"has-post-thumbnail","6":"product_cat-regards-de-chaussee","8":"first","9":"instock","10":"shipping-taxable","11":"purchasable","12":"product-type-variable"},"acf":[],"_links":{"self":[{"href":"https:\/\/www.soval.fr\/fr\/wp-json\/wp\/v2\/product\/910","targetHints":{"allow":["GET"]}}],"collection":[{"href":"https:\/\/www.soval.fr\/fr\/wp-json\/wp\/v2\/product"}],"about":[{"href":"https:\/\/www.soval.fr\/fr\/wp-json\/wp\/v2\/types\/product"}],"wp:featuredmedia":[{"embeddable":true,"href":"https:\/\/www.soval.fr\/fr\/wp-json\/wp\/v2\/media\/3668"}],"wp:attachment":[{"href":"https:\/\/www.soval.fr\/fr\/wp-json\/wp\/v2\/media?parent=910"}],"wp:term":[{"taxonomy":"product_brand","embeddable":true,"href":"https:\/\/www.soval.fr\/fr\/wp-json\/wp\/v2\/product_brand?post=910"},{"taxonomy":"product_cat","embeddable":true,"href":"https:\/\/www.soval.fr\/fr\/wp-json\/wp\/v2\/product_cat?post=910"},{"taxonomy":"product_tag","embeddable":true,"href":"https:\/\/www.soval.fr\/fr\/wp-json\/wp\/v2\/product_tag?post=910"}],"curies":[{"name":"wp","href":"https:\/\/api.w.org\/{rel}","templated":true}]}}