{"id":912,"date":"2024-07-20T17:38:42","date_gmt":"2024-07-20T15:38:42","guid":{"rendered":"https:\/\/www.soval.fr\/?post_type=product&#038;p=912"},"modified":"2024-09-11T17:33:45","modified_gmt":"2024-09-11T15:33:45","slug":"volants-de-manoeuvre","status":"publish","type":"product","link":"https:\/\/www.soval.fr\/fr\/produit\/aep\/branchement\/tabernacles-et-tubes-allonge\/volants-de-manoeuvre\/","title":{"rendered":"Volants de manoeuvre"},"content":{"rendered":"<p>Le volant de manoeuvre en fonte GS est un outil particuli\u00e8rement adapt\u00e9 pour la manipulation de robinets vannes avec carr\u00e9 de man\u0153uvre ou \u00e0 monter directement sur les tiges de manoeuvre.<\/p>\n","protected":false},"excerpt":{"rendered":"<p>Le volant de manoeuvre en fonte GS est un outil particuli\u00e8rement adapt\u00e9 pour la manipulation de robinets vannes avec carr\u00e9 de man\u0153uvre ou \u00e0 monter directement sur les tiges de manoeuvre.<\/p>\n","protected":false},"featured_media":5676,"template":"","meta":{"_acf_changed":false},"product_brand":[],"product_cat":[37],"product_tag":[],"class_list":{"0":"post-912","1":"product","2":"type-product","3":"status-publish","4":"has-post-thumbnail","6":"product_cat-tabernacles-et-tubes-allonge","8":"first","9":"instock","10":"shipping-taxable","11":"purchasable","12":"product-type-variable"},"acf":[],"_links":{"self":[{"href":"https:\/\/www.soval.fr\/fr\/wp-json\/wp\/v2\/product\/912","targetHints":{"allow":["GET"]}}],"collection":[{"href":"https:\/\/www.soval.fr\/fr\/wp-json\/wp\/v2\/product"}],"about":[{"href":"https:\/\/www.soval.fr\/fr\/wp-json\/wp\/v2\/types\/product"}],"wp:featuredmedia":[{"embeddable":true,"href":"https:\/\/www.soval.fr\/fr\/wp-json\/wp\/v2\/media\/5676"}],"wp:attachment":[{"href":"https:\/\/www.soval.fr\/fr\/wp-json\/wp\/v2\/media?parent=912"}],"wp:term":[{"taxonomy":"product_brand","embeddable":true,"href":"https:\/\/www.soval.fr\/fr\/wp-json\/wp\/v2\/product_brand?post=912"},{"taxonomy":"product_cat","embeddable":true,"href":"https:\/\/www.soval.fr\/fr\/wp-json\/wp\/v2\/product_cat?post=912"},{"taxonomy":"product_tag","embeddable":true,"href":"https:\/\/www.soval.fr\/fr\/wp-json\/wp\/v2\/product_tag?post=912"}],"curies":[{"name":"wp","href":"https:\/\/api.w.org\/{rel}","templated":true}]}}