{"id":9589,"date":"2025-02-10T15:25:59","date_gmt":"2025-02-10T14:25:59","guid":{"rendered":"https:\/\/www.soval.fr\/?post_type=product&#038;p=9589"},"modified":"2025-03-19T08:54:32","modified_gmt":"2025-03-19T07:54:32","slug":"grille-antichute-a-barreaux-solidaires-pour-ares-900","status":"publish","type":"product","link":"https:\/\/www.soval.fr\/fr\/produit\/trappes\/protection\/grilles-garde-corps\/grille-antichute-a-barreaux-solidaires-pour-ares-900\/","title":{"rendered":"Grille antichute \u00e0 barreaux solidaires pour ARES 900"},"content":{"rendered":"<p><strong>S\u00e9curisation des agents en intervention trappes ouvertes.<\/strong><\/p>\n<p>Les grilles \u00e0 barreaux solidaires pour trappe Ares 900 en acier inoxydable sont destin\u00e9es \u00e0 \u00e9viter la chute humaine dans les ouvrages souterrains\u00a0 tels que chambres t\u00e9l\u00e9com, chambres de relevage, chambres de vannes \u2026<\/p>\n","protected":false},"excerpt":{"rendered":"<p>S\u00e9curisation des agents en intervention trappes ouvertes. Les grilles \u00e0 barreaux solidaires pour trappe Ares 900 en acier inoxydable sont destin\u00e9es \u00e0 \u00e9viter la chute humaine dans les ouvrages souterrains\u00a0 tels que chambres t\u00e9l\u00e9com, chambres de relevage, chambres de vannes \u2026<\/p>\n","protected":false},"featured_media":9594,"template":"","meta":{"_acf_changed":false},"product_brand":[],"product_cat":[104],"product_tag":[],"class_list":{"0":"post-9589","1":"product","2":"type-product","3":"status-publish","4":"has-post-thumbnail","6":"product_cat-grilles-garde-corps","8":"first","9":"instock","10":"shipping-taxable","11":"purchasable","12":"product-type-variable"},"acf":[],"_links":{"self":[{"href":"https:\/\/www.soval.fr\/fr\/wp-json\/wp\/v2\/product\/9589","targetHints":{"allow":["GET"]}}],"collection":[{"href":"https:\/\/www.soval.fr\/fr\/wp-json\/wp\/v2\/product"}],"about":[{"href":"https:\/\/www.soval.fr\/fr\/wp-json\/wp\/v2\/types\/product"}],"wp:featuredmedia":[{"embeddable":true,"href":"https:\/\/www.soval.fr\/fr\/wp-json\/wp\/v2\/media\/9594"}],"wp:attachment":[{"href":"https:\/\/www.soval.fr\/fr\/wp-json\/wp\/v2\/media?parent=9589"}],"wp:term":[{"taxonomy":"product_brand","embeddable":true,"href":"https:\/\/www.soval.fr\/fr\/wp-json\/wp\/v2\/product_brand?post=9589"},{"taxonomy":"product_cat","embeddable":true,"href":"https:\/\/www.soval.fr\/fr\/wp-json\/wp\/v2\/product_cat?post=9589"},{"taxonomy":"product_tag","embeddable":true,"href":"https:\/\/www.soval.fr\/fr\/wp-json\/wp\/v2\/product_tag?post=9589"}],"curies":[{"name":"wp","href":"https:\/\/api.w.org\/{rel}","templated":true}]}}