{"id":9938,"date":"2025-02-26T10:37:50","date_gmt":"2025-02-26T09:37:50","guid":{"rendered":"https:\/\/www.soval.fr\/?post_type=product&#038;p=9938"},"modified":"2025-02-26T10:39:13","modified_gmt":"2025-02-26T09:39:13","slug":"trappe-a-remplir-type-ltr-400-kn","status":"publish","type":"product","link":"https:\/\/www.soval.fr\/fr\/produit\/trappes-a-remplir\/fermetures-a-remplissage-paves-ou-beton\/trappe-a-remplir-type-ltr-400-kn\/","title":{"rendered":"Trappe \u00e0 remplir type LTR 400 kN"},"content":{"rendered":"<p>\u00c9quip\u00e9e d\u2019un tampon \u00e0 remplir et d\u2019un cadre acier 400 kN, la trappe LTR \u00e0 hauteur de remplissage 80 mm est un dispositif de couverture \u00e0 installer sur les chambres de r\u00e9seaux secs types t\u00e9l\u00e9com, fibre optique ou sur des ouvrages souterrains.<\/p>\n","protected":false},"excerpt":{"rendered":"<p>\u00c9quip\u00e9e d\u2019un tampon \u00e0 remplir et d\u2019un cadre acier 400 kN, la trappe LTR \u00e0 hauteur de remplissage 80 mm est un dispositif de couverture \u00e0 installer sur les chambres de r\u00e9seaux secs types t\u00e9l\u00e9com, fibre optique ou sur des ouvrages souterrains.<\/p>\n","protected":false},"featured_media":9944,"template":"","meta":{"_acf_changed":false},"product_brand":[],"product_cat":[106],"product_tag":[],"class_list":{"0":"post-9938","1":"product","2":"type-product","3":"status-publish","4":"has-post-thumbnail","6":"product_cat-fermetures-a-remplissage-paves-ou-beton","8":"first","9":"instock","10":"shipping-taxable","11":"purchasable","12":"product-type-variable"},"acf":[],"_links":{"self":[{"href":"https:\/\/www.soval.fr\/fr\/wp-json\/wp\/v2\/product\/9938","targetHints":{"allow":["GET"]}}],"collection":[{"href":"https:\/\/www.soval.fr\/fr\/wp-json\/wp\/v2\/product"}],"about":[{"href":"https:\/\/www.soval.fr\/fr\/wp-json\/wp\/v2\/types\/product"}],"wp:featuredmedia":[{"embeddable":true,"href":"https:\/\/www.soval.fr\/fr\/wp-json\/wp\/v2\/media\/9944"}],"wp:attachment":[{"href":"https:\/\/www.soval.fr\/fr\/wp-json\/wp\/v2\/media?parent=9938"}],"wp:term":[{"taxonomy":"product_brand","embeddable":true,"href":"https:\/\/www.soval.fr\/fr\/wp-json\/wp\/v2\/product_brand?post=9938"},{"taxonomy":"product_cat","embeddable":true,"href":"https:\/\/www.soval.fr\/fr\/wp-json\/wp\/v2\/product_cat?post=9938"},{"taxonomy":"product_tag","embeddable":true,"href":"https:\/\/www.soval.fr\/fr\/wp-json\/wp\/v2\/product_tag?post=9938"}],"curies":[{"name":"wp","href":"https:\/\/api.w.org\/{rel}","templated":true}]}}