{"id":9966,"date":"2025-02-26T10:59:17","date_gmt":"2025-02-26T09:59:17","guid":{"rendered":"https:\/\/www.soval.fr\/?post_type=product&#038;p=9966"},"modified":"2025-02-26T10:59:55","modified_gmt":"2025-02-26T09:59:55","slug":"trappe-modulaire-a-remplir-type-2xkcrvaa-classe-400-kn","status":"publish","type":"product","link":"https:\/\/www.soval.fr\/fr\/produit\/trappes\/trappes-modulaires\/fermetures-multi-tampons\/trappe-modulaire-a-remplir-type-2xkcrvaa-classe-400-kn\/","title":{"rendered":"Trappe modulaire \u00e0 remplir type 2xKCRVAA classe 400 kN"},"content":{"rendered":"<p>Les trappes modulaires ou <strong>multi tampons<\/strong> type KCRVAA verrouill\u00e9es articul\u00e9es assist\u00e9es \u00e0 remplir sont \u00e9quip\u00e9es de tampons fonte 400 KN et d\u2019un cadre monobloc acier m\u00e9canosoud\u00e9.<br \/>\nAvec leur hauteur de remplissage de 80 mm, ce sont des dispositifs de couverture \u00e0 installer sur de ouvrages souterrains tels que les <strong>bassins<\/strong> d\u00e9versoirs <strong>d\u2019orage<\/strong>, <strong>chambre de vannes<\/strong>, <strong>stations de relevage<\/strong> \u2026<\/p>\n<p>Chaque ensemble poss\u00e8de une <strong>poutre amovible<\/strong> afin de b\u00e9n\u00e9ficier au besoin du <strong>maximum d\u2019ouverture<\/strong> libre.<br \/>\nElles sont propos\u00e9es avec un verrouillage \u00bc de tour.<\/p>\n","protected":false},"excerpt":{"rendered":"<p>Les trappes modulaires ou multi tampons type KCRVAA verrouill\u00e9es articul\u00e9es assist\u00e9es \u00e0 remplir sont \u00e9quip\u00e9es de tampons fonte 400 KN et d\u2019un cadre monobloc acier m\u00e9canosoud\u00e9. Avec leur hauteur de remplissage de 80 mm, ce sont des dispositifs de couverture \u00e0 installer sur de ouvrages souterrains tels que les bassins d\u00e9versoirs d\u2019orage, chambre de vannes, [&hellip;]<\/p>\n","protected":false},"featured_media":9973,"template":"","meta":{"_acf_changed":false},"product_brand":[],"product_cat":[112],"product_tag":[],"class_list":{"0":"post-9966","1":"product","2":"type-product","3":"status-publish","4":"has-post-thumbnail","6":"product_cat-fermetures-multi-tampons","8":"first","9":"instock","10":"shipping-taxable","11":"purchasable","12":"product-type-variable"},"acf":[],"_links":{"self":[{"href":"https:\/\/www.soval.fr\/fr\/wp-json\/wp\/v2\/product\/9966","targetHints":{"allow":["GET"]}}],"collection":[{"href":"https:\/\/www.soval.fr\/fr\/wp-json\/wp\/v2\/product"}],"about":[{"href":"https:\/\/www.soval.fr\/fr\/wp-json\/wp\/v2\/types\/product"}],"wp:featuredmedia":[{"embeddable":true,"href":"https:\/\/www.soval.fr\/fr\/wp-json\/wp\/v2\/media\/9973"}],"wp:attachment":[{"href":"https:\/\/www.soval.fr\/fr\/wp-json\/wp\/v2\/media?parent=9966"}],"wp:term":[{"taxonomy":"product_brand","embeddable":true,"href":"https:\/\/www.soval.fr\/fr\/wp-json\/wp\/v2\/product_brand?post=9966"},{"taxonomy":"product_cat","embeddable":true,"href":"https:\/\/www.soval.fr\/fr\/wp-json\/wp\/v2\/product_cat?post=9966"},{"taxonomy":"product_tag","embeddable":true,"href":"https:\/\/www.soval.fr\/fr\/wp-json\/wp\/v2\/product_tag?post=9966"}],"curies":[{"name":"wp","href":"https:\/\/api.w.org\/{rel}","templated":true}]}}